{"id":39,"date":"2017-09-10T04:17:03","date_gmt":"2017-09-10T04:17:03","guid":{"rendered":"https:\/\/ryma.cinvestav.mx\/ilopez\/?page_id=39"},"modified":"2019-05-22T20:03:22","modified_gmt":"2019-05-22T20:03:22","slug":"acercademi","status":"publish","type":"page","link":"https:\/\/ryma.cinvestav.mx\/ilopez\/","title":{"rendered":"Acerca de mi"},"content":{"rendered":"<p>[et_pb_section bb_built=\u00bb1&#8243; fullwidth=\u00bbon\u00bb specialty=\u00bboff\u00bb background_image=\u00bbhttps:\/\/ryma.cinvestav.mx\/ilopez\/wp-content\/uploads\/sites\/17\/2017\/09\/IMAGEN-CAMPA\u00d1A1.jpg\u00bb _builder_version=\u00bb3.0.72&#8243; background_color_gradient_start=\u00bbrgba(0,0,0,0.56)\u00bb background_color_gradient_end=\u00bb#ffffff\u00bb background_color_gradient_direction=\u00bb122deg\u00bb background_color_gradient_direction_radial=\u00bbleft\u00bb background_color_gradient_start_position=\u00bb9%\u00bb locked=\u00bbon\u00bb global_module=\u00bb411&#8243; next_background_color=\u00bb#ffffff\u00bb][et_pb_fullwidth_header admin_label=\u00bbNombre del Investigador\u00bb global_parent=\u00bb411&#8243; title=\u00bbDR. ISMAEL L\u00d3PEZ-JU\u00c1REZ\u00bb subhead=\u00bbProfesor Investigador\u00bb background_layout=\u00bbdark\u00bb text_orientation=\u00bbleft\u00bb header_fullscreen=\u00bboff\u00bb header_scroll_down=\u00bboff\u00bb content_orientation=\u00bbcenter\u00bb image_orientation=\u00bbcenter\u00bb title_font=\u00bb|on|||\u00bb subhead_font=\u00bb|on|||\u00bb custom_button_one=\u00bboff\u00bb button_one_letter_spacing=\u00bb0&#8243; button_one_icon_placement=\u00bbright\u00bb button_one_letter_spacing_hover=\u00bb0&#8243; custom_button_two=\u00bboff\u00bb button_two_letter_spacing=\u00bb0&#8243; button_two_icon_placement=\u00bbright\u00bb button_two_letter_spacing_hover=\u00bb0&#8243; subhead_font_size=\u00bb20px\u00bb _builder_version=\u00bb3.0.72&#8243; background_overlay_color=\u00bbrgba(0,0,0,0.3)\u00bb parent_locked=\u00bbon\u00bb content_max_width=\u00bb100%\u00bb background_color=\u00bbrgba(255, 255, 255, 0)\u00bb button_one_text_size__hover_enabled=\u00bboff\u00bb button_one_text_size__hover=\u00bbnull\u00bb button_two_text_size__hover_enabled=\u00bboff\u00bb button_two_text_size__hover=\u00bbnull\u00bb button_one_text_color__hover_enabled=\u00bboff\u00bb button_one_text_color__hover=\u00bbnull\u00bb button_two_text_color__hover_enabled=\u00bboff\u00bb button_two_text_color__hover=\u00bbnull\u00bb button_one_border_width__hover_enabled=\u00bboff\u00bb button_one_border_width__hover=\u00bbnull\u00bb button_two_border_width__hover_enabled=\u00bboff\u00bb button_two_border_width__hover=\u00bbnull\u00bb button_one_border_color__hover_enabled=\u00bboff\u00bb button_one_border_color__hover=\u00bbnull\u00bb button_two_border_color__hover_enabled=\u00bboff\u00bb button_two_border_color__hover=\u00bbnull\u00bb button_one_border_radius__hover_enabled=\u00bboff\u00bb button_one_border_radius__hover=\u00bbnull\u00bb button_two_border_radius__hover_enabled=\u00bboff\u00bb button_two_border_radius__hover=\u00bbnull\u00bb button_one_letter_spacing__hover_enabled=\u00bbon\u00bb button_one_letter_spacing__hover=\u00bb0&#8243; button_two_letter_spacing__hover_enabled=\u00bbon\u00bb button_two_letter_spacing__hover=\u00bb0&#8243; button_one_bg_color__hover_enabled=\u00bboff\u00bb button_one_bg_color__hover=\u00bbnull\u00bb button_two_bg_color__hover_enabled=\u00bboff\u00bb button_two_bg_color__hover=\u00bbnull\u00bb \/][et_pb_fullwidth_menu global_parent=\u00bb411&#8243; menu_id=\u00bb6&#8243; background_layout=\u00bblight\u00bb text_orientation=\u00bbleft\u00bb submenu_direction=\u00bbdownwards\u00bb fullwidth_menu=\u00bboff\u00bb active_link_color=\u00bbrgba(131,0,233,0.81)\u00bb menu_font=\u00bb|on|||\u00bb _builder_version=\u00bb3.0.72&#8243; background_color_gradient_start=\u00bb#009f93&#8243; background_color_gradient_end=\u00bbrgba(0,0,0,0.27)\u00bb background_color_gradient_start_position=\u00bb20%\u00bb background_color=\u00bb#d3d3d3&#8243; parent_locked=\u00bbon\u00bb \/][\/et_pb_section][et_pb_section bb_built=\u00bb1&#8243; admin_label=\u00bbESPACIO VACIO &#8211; DEJAR ASI\u00bb _builder_version=\u00bb3.0.72&#8243; custom_css_main_element=\u00bbbox-shadow: inset 0px 3px 2px rgba(50, 50, 50, 0.75);\u00bb locked=\u00bboff\u00bb prev_background_color=\u00bb#000000&#8243; next_background_color=\u00bb#000000&#8243;][et_pb_row background_repeat_1=\u00bbno-repeat\u00bb _builder_version=\u00bb3.0.72&#8243; parent_locked=\u00bboff\u00bb][et_pb_column type=\u00bb4_4&#8243;][et_pb_team_member admin_label=\u00bbismael\u00bb name=\u00bbDR. ISMAEL L\u00d3PEZ JU\u00c1REZ \u00bb position=\u00bbProfesor\/Investigador Cinvestav 3C. \u00bb image_url=\u00bbhttps:\/\/ryma.cinvestav.mx\/ilopez\/wp-content\/uploads\/sites\/17\/2017\/09\/IsmaelOK.jpg\u00bb use_border_color=\u00bbon\u00bb header_font=\u00bb|on|||\u00bb custom_css_main_element=\u00bbbox-shadow: 0 0 20px rgba(0,0,0,.3);\u00bb background_position=\u00bbtop_left\u00bb background_repeat=\u00bbrepeat\u00bb background_size=\u00bbinitial\u00bb _builder_version=\u00bb3.19.14&#8243; custom_margin=\u00bb||60px|\u00bb parent_locked=\u00bboff\u00bb border_color_all=\u00bb#ffffff\u00bb border_width_all=\u00bb8px\u00bb]<\/p>\n<hr \/>\n<p><strong><i class=\"fa fa-graduation-cap \" ><\/i><\/strong><\/p>\n<ul>\n<li>Posdoctorado: Soldadura Robotizada GMAW, COMIMSA, 2010.<\/li>\n<li>Doctorado en Filosof\u00eda: Rob\u00f3tica Inteligente, TheNottinghamTrentUniversity, U.K., 2000.<\/li>\n<li>Maestr\u00eda en Ciencias: Dise\u00f1o de Instrumentos, Manchester University, U.K., 1995.<\/li>\n<li>Ingeniero Mec\u00e1nico-Electricista. Facultad de Ingenier\u00eda-UNAM, M\u00e9xico D. F., 1991.<\/li>\n<\/ul>\n<p style=\"text-align: justify;\"><strong><i class=\"fa fa-lightbulb-o \" ><\/i> <\/strong><strong>L\u00edneas de investigaci\u00f3n: <\/strong>Rob\u00f3tica y Manufactura Flexible, Control Inteligente, Ensamble mec\u00e1nico empleando robots, Inteligencia Artificial: Redes Neuronales y L\u00f3gica Difusa, Fusi\u00f3n Sensorial y Aprendizaje Multimodal, Inspecci\u00f3n y control de calidad empleando visi\u00f3n maquinal, Instrumentaci\u00f3n Electr\u00f3nica y Automatizaci\u00f3n Industrial, Sistemas Embebidos, Reconocimiento y Aprendizaje de Patrones, Teor\u00eda de Resonancia Adaptable (ART).<\/p>\n<p><strong><i class=\"fa fa-bookmark \" ><\/i><\/strong><strong>\u00a0<\/strong><strong>Categor\u00eda<\/strong><strong> SNI: <\/strong>Nivel II \u00a0\u00a0<strong><i class=\"fa fa-envelope \" ><\/i> <\/strong><strong>Email<\/strong>: <a href=\"mailto:ismael.lopez@cinvestav.edu.mx\">ismael.lopez@cinvestav.edu.mx<\/a>\u00a0 \u00a0<strong><i class=\"fa fa-phone-square \" ><\/i> <\/strong><strong>Tel<\/strong>. (844)438-96-00 Ext. 8508<\/p>\n<p><strong><i class=\"fa fa-link \" ><\/i> \u00a0<\/strong><a href=\"https:\/\/ryma.cinvestav.mx\/ilopez\">ryma.cinvestav.mx\/ilopez<\/a><\/p>\n<p>[\/et_pb_team_member][\/et_pb_column][\/et_pb_row][\/et_pb_section][et_pb_section bb_built=\u00bb1&#8243; _builder_version=\u00bb3.0.47&#8243; prev_background_color=\u00bb#000000&#8243; next_background_color=\u00bb#000000&#8243;][et_pb_row _builder_version=\u00bb3.0.47&#8243; background_size=\u00bbinitial\u00bb background_position=\u00bbtop_left\u00bb background_repeat=\u00bbrepeat\u00bb][et_pb_column type=\u00bb4_4&#8243;][et_pb_text admin_label=\u00bbTexto Biograf\u00eda\u00bb _builder_version=\u00bb3.0.72&#8243; background_layout=\u00bblight\u00bb text_orientation=\u00bbleft\u00bb border_style=\u00bbsolid\u00bb module_alignment=\u00bbleft\u00bb]<\/p>\n<hr \/>\n<p style=\"text-align: center;\"><div class='et-box et-shadow'>\n\t\t\t\t\t<div class='et-box-content'><h2><strong>BIOGRAF\u00cdA<\/strong><\/h2>\n<p style=\"text-align: center;\"><\/div><\/div><\/p>\n<p style=\"text-align: justify;\">Texto texto\u00a0texto texto\u00a0texto texto\u00a0texto texto\u00a0texto texto\u00a0texto texto\u00a0texto texto\u00a0texto texto\u00a0texto texto\u00a0texto texto\u00a0texto texto\u00a0texto texto\u00a0texto texto\u00a0texto texto\u00a0texto texto\u00a0texto texto\u00a0texto texto\u00a0texto texto\u00a0texto texto\u00a0texto texto\u00a0texto texto\u00a0texto texto\u00a0texto texto\u00a0texto texto<\/p>\n<p style=\"text-align: center;\">\n<p>[\/et_pb_text][et_pb_text admin_label=\u00bbTexto Premios\u00bb _builder_version=\u00bb3.0.72&#8243; background_layout=\u00bblight\u00bb text_orientation=\u00bbleft\u00bb border_style=\u00bbsolid\u00bb module_alignment=\u00bbleft\u00bb]<\/p>\n<hr \/>\n<p style=\"text-align: center;\"><div class='et-box et-shadow'>\n\t\t\t\t\t<div class='et-box-content'><h2><strong>PREMIOS, BECAS Y RECURSOS ECON\u00d3MICOS<\/strong><\/h2>\n<p style=\"text-align: center;\"><\/div><\/div><\/p>\n<p style=\"text-align: justify;\">Texto texto\u00a0texto texto\u00a0texto texto\u00a0texto texto\u00a0texto texto\u00a0texto texto\u00a0texto texto\u00a0texto texto\u00a0texto texto\u00a0texto texto\u00a0texto texto\u00a0texto texto\u00a0texto texto\u00a0texto texto\u00a0texto texto\u00a0texto texto\u00a0texto texto\u00a0texto texto\u00a0texto texto\u00a0texto texto\u00a0texto texto\u00a0texto texto\u00a0texto texto\u00a0texto texto<\/p>\n<p style=\"text-align: center;\">\n<p>[\/et_pb_text][\/et_pb_column][\/et_pb_row][\/et_pb_section][et_pb_section bb_built=\u00bb1&#8243; fullwidth=\u00bboff\u00bb specialty=\u00bboff\u00bb prev_background_color=\u00bb#000000&#8243; next_background_color=\u00bbrgba(0,0,0,0.32)\u00bb][et_pb_row][et_pb_column type=\u00bb4_4&#8243;][et_pb_text admin_label=\u00bbArea de Proyectos destacados\u00bb _builder_version=\u00bb3.0.72&#8243; background_layout=\u00bblight\u00bb text_orientation=\u00bbleft\u00bb border_style=\u00bbsolid\u00bb module_alignment=\u00bbleft\u00bb]<\/p>\n<hr \/>\n<p style=\"text-align: center;\"><div class='et-box et-shadow'>\n\t\t\t\t\t<div class='et-box-content'><h2 style=\"text-align: center;\"><strong>PROYECTOS DESTACADOS<\/strong><\/h2>\n<p style=\"text-align: center;\"><\/div><\/div><br \/>\nTexto texto texto texto texto texto texto texto texto texto texto texto texto texto texto texto texto texto texto texto texto texto texto texto texto texto texto texto texto texto texto<\/p>\n<p style=\"text-align: center;\">\n<p>[\/et_pb_text][\/et_pb_column][\/et_pb_row][et_pb_row][et_pb_column type=\u00bb1_4&#8243;][et_pb_blurb admin_label=\u00bbAnuncio Proyecto\u00bb _builder_version=\u00bb3.0.72&#8243; title=\u00bbProyecto 1 Nice\u00bb url_new_window=\u00bboff\u00bb use_icon=\u00bboff\u00bb image=\u00bbhttps:\/\/ryma.cinvestav.mx\/ilopez\/wp-content\/uploads\/sites\/17\/2017\/09\/collage-1.jpg\u00bb use_circle=\u00bboff\u00bb use_circle_border=\u00bboff\u00bb icon_placement=\u00bbtop\u00bb use_icon_font_size=\u00bboff\u00bb background_layout=\u00bblight\u00bb border_style=\u00bbsolid\u00bb header_font=\u00bb|on|||\u00bb header_text_color=\u00bb#8300e9&#8243; image_max_width=\u00bb100%\u00bb]<\/p>\n<p>\nTexto texto texto texto texto texto texto texto texto texto texto texto texto texto texto texto texto texto texto texto texto texto texto texto texto texto texto texto texto texto texto texto texto texto texto texto texto texto texto texto texto texto texto texto texto texto texto texto texto<\/p>\n<p style=\"text-align: center;\">\n<p>[\/et_pb_blurb][\/et_pb_column][et_pb_column type=\u00bb1_4&#8243;][et_pb_blurb admin_label=\u00bbAnuncio Proyecto\u00bb _builder_version=\u00bb3.0.72&#8243; title=\u00bbProyecto 2 Nice\u00bb url_new_window=\u00bboff\u00bb use_icon=\u00bboff\u00bb image=\u00bbhttps:\/\/ryma.cinvestav.mx\/ilopez\/wp-content\/uploads\/sites\/17\/2017\/09\/collage-1.jpg\u00bb use_circle=\u00bboff\u00bb use_circle_border=\u00bboff\u00bb icon_placement=\u00bbtop\u00bb use_icon_font_size=\u00bboff\u00bb background_layout=\u00bblight\u00bb border_style=\u00bbsolid\u00bb header_font=\u00bb|on|||\u00bb header_text_color=\u00bb#8300e9&#8243; image_max_width=\u00bb100%\u00bb]<\/p>\n<p>\nTexto texto texto texto texto texto texto texto texto texto texto texto texto texto texto texto texto texto texto texto texto texto texto texto texto texto texto texto texto texto texto texto texto texto texto texto texto texto texto texto texto texto texto texto texto texto texto texto texto<\/p>\n<p style=\"text-align: center;\">\n<p>[\/et_pb_blurb][\/et_pb_column][et_pb_column type=\u00bb1_4&#8243;][et_pb_blurb admin_label=\u00bbAnuncio Proyecto\u00bb _builder_version=\u00bb3.0.72&#8243; title=\u00bbProyecto 3 Nice\u00bb url_new_window=\u00bboff\u00bb use_icon=\u00bboff\u00bb image=\u00bbhttps:\/\/ryma.cinvestav.mx\/ilopez\/wp-content\/uploads\/sites\/17\/2017\/09\/collage-1.jpg\u00bb use_circle=\u00bboff\u00bb use_circle_border=\u00bboff\u00bb icon_placement=\u00bbtop\u00bb use_icon_font_size=\u00bboff\u00bb background_layout=\u00bblight\u00bb border_style=\u00bbsolid\u00bb header_font=\u00bb|on|||\u00bb header_text_color=\u00bb#8300e9&#8243; image_max_width=\u00bb100%\u00bb]<\/p>\n<p>\nTexto texto texto texto texto texto texto texto texto texto texto texto texto texto texto texto texto texto texto texto texto texto texto texto texto texto texto texto texto texto texto texto texto texto texto texto texto texto texto texto texto texto texto texto texto texto texto texto texto<\/p>\n<p style=\"text-align: center;\">\n<p>[\/et_pb_blurb][\/et_pb_column][et_pb_column type=\u00bb1_4&#8243;][et_pb_blurb admin_label=\u00bbAnuncio Proyecto\u00bb _builder_version=\u00bb3.0.72&#8243; title=\u00bbProyecto 4 Nice\u00bb url_new_window=\u00bboff\u00bb use_icon=\u00bboff\u00bb image=\u00bbhttps:\/\/ryma.cinvestav.mx\/ilopez\/wp-content\/uploads\/sites\/17\/2017\/09\/collage-1.jpg\u00bb use_circle=\u00bboff\u00bb use_circle_border=\u00bboff\u00bb icon_placement=\u00bbtop\u00bb use_icon_font_size=\u00bboff\u00bb background_layout=\u00bblight\u00bb border_style=\u00bbsolid\u00bb header_font=\u00bb|on|||\u00bb header_text_color=\u00bb#8300e9&#8243; image_max_width=\u00bb100%\u00bb]<\/p>\n<p>\nTexto texto texto texto texto texto texto texto texto texto texto texto texto texto texto texto texto texto texto texto texto texto texto texto texto texto texto texto texto texto texto texto texto texto texto texto texto texto texto texto texto texto texto texto texto texto texto texto texto<\/p>\n<p style=\"text-align: center;\">\n<p>[\/et_pb_blurb][\/et_pb_column][\/et_pb_row][\/et_pb_section][et_pb_section bb_built=\u00bb1&#8243; fullwidth=\u00bboff\u00bb specialty=\u00bboff\u00bb background_color=\u00bbrgba(0,0,0,0.32)\u00bb inner_shadow=\u00bbon\u00bb custom_css_main_element=\u00bbbox-shadow: inset 0px 3px 2px rgba(150, 150, 150, 0.85);\u00bb _builder_version=\u00bb3.0.72&#8243; locked=\u00bbon\u00bb global_module=\u00bb321&#8243; prev_background_color=\u00bb#ffffff\u00bb][et_pb_row global_parent=\u00bb321&#8243; make_fullwidth=\u00bboff\u00bb use_custom_width=\u00bboff\u00bb width_unit=\u00bbon\u00bb use_custom_gutter=\u00bboff\u00bb allow_player_pause=\u00bboff\u00bb parallax=\u00bboff\u00bb parallax_method=\u00bbon\u00bb make_equal=\u00bboff\u00bb parallax_1=\u00bboff\u00bb parallax_method_1=\u00bboff\u00bb custom_margin=\u00bb-40px|||\u00bb background_position=\u00bbtop_left\u00bb background_repeat=\u00bbrepeat\u00bb background_size=\u00bbinitial\u00bb parent_locked=\u00bbon\u00bb][et_pb_column type=\u00bb4_4&#8243;][et_pb_image admin_label=\u00bbLogoCINVESTAV del Pie de p\u00e1gina\u00bb global_parent=\u00bb321&#8243; src=\u00bbhttps:\/\/ryma.cinvestav.mx\/wp-content\/uploads\/2014\/08\/roboticaCinvestavOK_transparencia_white.png\u00bb alt=\u00bbRob\u00f3tica y Manufactura Avanzada, Cinvestav\u00bb show_in_lightbox=\u00bboff\u00bb url_new_window=\u00bboff\u00bb use_overlay=\u00bboff\u00bb animation=\u00bboff\u00bb sticky=\u00bbon\u00bb align=\u00bbcenter\u00bb max_width=\u00bb95px\u00bb max_width_last_edited=\u00bbon|desktop\u00bb force_fullwidth=\u00bboff\u00bb always_center_on_mobile=\u00bbon\u00bb border_style=\u00bbsolid\u00bb custom_margin=\u00bb||15px|\u00bb _builder_version=\u00bb3.0.76&#8243; parent_locked=\u00bbon\u00bb url=\u00bbhttps:\/\/ryma.cinvestav.mx\/\u00bb show_bottom_space=\u00bbon\u00bb \/][et_pb_text global_parent=\u00bb321&#8243; _builder_version=\u00bb3.0.72&#8243; background_layout=\u00bbdark\u00bb text_orientation=\u00bbcenter\u00bb border_style=\u00bbsolid\u00bb custom_margin=\u00bb||-50px|\u00bb parent_locked=\u00bbon\u00bb module_alignment=\u00bbcenter\u00bb]<\/p>\n<hr \/>\n<p style=\"text-align: center;\">Av. Industrial\u00a0Metalurgia\u00a0#1062,\u00a0Parque Ind. Ramos Arizpe,\u00a0Ramos Arizpe, Coah.\u00a0C.P. 25900, M\u00e9xico. \u00a0Tel. +52 (844) 438-9600<\/p>\n<p>[\/et_pb_text][\/et_pb_column][\/et_pb_row][\/et_pb_section]<\/p>\n","protected":false},"excerpt":{"rendered":"<p><i class=\"fa fa-graduation-cap \" ><\/i>Posdoctorado: Soldadura Robotizada GMAW, COMIMSA, 2010.Doctorado en Filosof\u00eda: Rob\u00f3tica Inteligente, TheNottinghamTrentUniversity, U.K., 2000.Maestr\u00eda en Ciencias: Dise\u00f1o de Instrumentos, Manchester University, U.K., 1995.Ingeniero Mec\u00e1nico-Electricista. Facultad de Ingenier\u00eda-UNAM, M\u00e9xico D. F., 1991.<i class=\"fa fa-lightbulb-o \" ><\/i> L\u00edneas de investigaci\u00f3n: Rob\u00f3tica y Manufactura Flexible, Control Inteligente, Ensamble mec\u00e1nico empleando robots, Inteligencia Artificial: Redes Neuronales y L\u00f3gica [&hellip;]<\/p>\n","protected":false},"author":18,"featured_media":0,"parent":0,"menu_order":0,"comment_status":"closed","ping_status":"closed","template":"","meta":{"_et_pb_use_builder":"on","_et_pb_old_content":"","_et_gb_content_width":"","footnotes":""},"class_list":["post-39","page","type-page","status-publish","hentry"],"yoast_head":"<!-- This site is optimized with the Yoast SEO plugin v27.3 - https:\/\/yoast.com\/product\/yoast-seo-wordpress\/ -->\n<title>Acerca de mi - Prof. Dr. Ismael Lopez-Juarez<\/title>\n<meta name=\"robots\" content=\"index, follow, max-snippet:-1, max-image-preview:large, max-video-preview:-1\" \/>\n<link rel=\"canonical\" href=\"https:\/\/ryma.cinvestav.mx\/ilopez\/\" \/>\n<meta property=\"og:locale\" content=\"es_ES\" \/>\n<meta property=\"og:type\" content=\"article\" \/>\n<meta property=\"og:title\" content=\"Acerca de mi - Prof. Dr. Ismael Lopez-Juarez\" \/>\n<meta property=\"og:description\" content=\"Posdoctorado: Soldadura Robotizada GMAW, COMIMSA, 2010.Doctorado en Filosof\u00eda: Rob\u00f3tica Inteligente, TheNottinghamTrentUniversity, U.K., 2000.Maestr\u00eda en Ciencias: Dise\u00f1o de Instrumentos, Manchester University, U.K., 1995.Ingeniero Mec\u00e1nico-Electricista. Facultad de Ingenier\u00eda-UNAM, M\u00e9xico D. F., 1991. L\u00edneas de investigaci\u00f3n: Rob\u00f3tica y Manufactura Flexible, Control Inteligente, Ensamble mec\u00e1nico empleando robots, Inteligencia Artificial: Redes Neuronales y L\u00f3gica [&hellip;]\" \/>\n<meta property=\"og:url\" content=\"https:\/\/ryma.cinvestav.mx\/ilopez\/\" \/>\n<meta property=\"og:site_name\" content=\"Prof. Dr. Ismael Lopez-Juarez\" \/>\n<meta property=\"article:modified_time\" content=\"2019-05-22T20:03:22+00:00\" \/>\n<meta name=\"twitter:card\" content=\"summary_large_image\" \/>\n<meta name=\"twitter:label1\" content=\"Tiempo de lectura\" \/>\n\t<meta name=\"twitter:data1\" content=\"8 minutos\" \/>\n<script type=\"application\/ld+json\" class=\"yoast-schema-graph\">{\"@context\":\"https:\\\/\\\/schema.org\",\"@graph\":[{\"@type\":\"WebPage\",\"@id\":\"https:\\\/\\\/ryma.cinvestav.mx\\\/ilopez\\\/\",\"url\":\"https:\\\/\\\/ryma.cinvestav.mx\\\/ilopez\\\/\",\"name\":\"Acerca de mi - Prof. Dr. Ismael Lopez-Juarez\",\"isPartOf\":{\"@id\":\"https:\\\/\\\/ryma.cinvestav.mx\\\/ilopez\\\/#website\"},\"datePublished\":\"2017-09-10T04:17:03+00:00\",\"dateModified\":\"2019-05-22T20:03:22+00:00\",\"breadcrumb\":{\"@id\":\"https:\\\/\\\/ryma.cinvestav.mx\\\/ilopez\\\/#breadcrumb\"},\"inLanguage\":\"es\",\"potentialAction\":[{\"@type\":\"ReadAction\",\"target\":[\"https:\\\/\\\/ryma.cinvestav.mx\\\/ilopez\\\/\"]}]},{\"@type\":\"BreadcrumbList\",\"@id\":\"https:\\\/\\\/ryma.cinvestav.mx\\\/ilopez\\\/#breadcrumb\",\"itemListElement\":[{\"@type\":\"ListItem\",\"position\":1,\"name\":\"Portada\",\"item\":\"https:\\\/\\\/ryma.cinvestav.mx\\\/ilopez\\\/\"},{\"@type\":\"ListItem\",\"position\":2,\"name\":\"Acerca de mi\"}]},{\"@type\":\"WebSite\",\"@id\":\"https:\\\/\\\/ryma.cinvestav.mx\\\/ilopez\\\/#website\",\"url\":\"https:\\\/\\\/ryma.cinvestav.mx\\\/ilopez\\\/\",\"name\":\"Prof. Dr. Ismael Lopez-Juarez\",\"description\":\"Miembro de Rob\u00f3tica y Manufactura Avanzada - Cinvestav\",\"potentialAction\":[{\"@type\":\"SearchAction\",\"target\":{\"@type\":\"EntryPoint\",\"urlTemplate\":\"https:\\\/\\\/ryma.cinvestav.mx\\\/ilopez\\\/?s={search_term_string}\"},\"query-input\":{\"@type\":\"PropertyValueSpecification\",\"valueRequired\":true,\"valueName\":\"search_term_string\"}}],\"inLanguage\":\"es\"}]}<\/script>\n<!-- \/ Yoast SEO plugin. -->","yoast_head_json":{"title":"Acerca de mi - Prof. Dr. Ismael Lopez-Juarez","robots":{"index":"index","follow":"follow","max-snippet":"max-snippet:-1","max-image-preview":"max-image-preview:large","max-video-preview":"max-video-preview:-1"},"canonical":"https:\/\/ryma.cinvestav.mx\/ilopez\/","og_locale":"es_ES","og_type":"article","og_title":"Acerca de mi - Prof. Dr. Ismael Lopez-Juarez","og_description":"Posdoctorado: Soldadura Robotizada GMAW, COMIMSA, 2010.Doctorado en Filosof\u00eda: Rob\u00f3tica Inteligente, TheNottinghamTrentUniversity, U.K., 2000.Maestr\u00eda en Ciencias: Dise\u00f1o de Instrumentos, Manchester University, U.K., 1995.Ingeniero Mec\u00e1nico-Electricista. Facultad de Ingenier\u00eda-UNAM, M\u00e9xico D. F., 1991. L\u00edneas de investigaci\u00f3n: Rob\u00f3tica y Manufactura Flexible, Control Inteligente, Ensamble mec\u00e1nico empleando robots, Inteligencia Artificial: Redes Neuronales y L\u00f3gica [&hellip;]","og_url":"https:\/\/ryma.cinvestav.mx\/ilopez\/","og_site_name":"Prof. Dr. Ismael Lopez-Juarez","article_modified_time":"2019-05-22T20:03:22+00:00","twitter_card":"summary_large_image","twitter_misc":{"Tiempo de lectura":"8 minutos"},"schema":{"@context":"https:\/\/schema.org","@graph":[{"@type":"WebPage","@id":"https:\/\/ryma.cinvestav.mx\/ilopez\/","url":"https:\/\/ryma.cinvestav.mx\/ilopez\/","name":"Acerca de mi - Prof. Dr. Ismael Lopez-Juarez","isPartOf":{"@id":"https:\/\/ryma.cinvestav.mx\/ilopez\/#website"},"datePublished":"2017-09-10T04:17:03+00:00","dateModified":"2019-05-22T20:03:22+00:00","breadcrumb":{"@id":"https:\/\/ryma.cinvestav.mx\/ilopez\/#breadcrumb"},"inLanguage":"es","potentialAction":[{"@type":"ReadAction","target":["https:\/\/ryma.cinvestav.mx\/ilopez\/"]}]},{"@type":"BreadcrumbList","@id":"https:\/\/ryma.cinvestav.mx\/ilopez\/#breadcrumb","itemListElement":[{"@type":"ListItem","position":1,"name":"Portada","item":"https:\/\/ryma.cinvestav.mx\/ilopez\/"},{"@type":"ListItem","position":2,"name":"Acerca de mi"}]},{"@type":"WebSite","@id":"https:\/\/ryma.cinvestav.mx\/ilopez\/#website","url":"https:\/\/ryma.cinvestav.mx\/ilopez\/","name":"Prof. Dr. Ismael Lopez-Juarez","description":"Miembro de Rob\u00f3tica y Manufactura Avanzada - Cinvestav","potentialAction":[{"@type":"SearchAction","target":{"@type":"EntryPoint","urlTemplate":"https:\/\/ryma.cinvestav.mx\/ilopez\/?s={search_term_string}"},"query-input":{"@type":"PropertyValueSpecification","valueRequired":true,"valueName":"search_term_string"}}],"inLanguage":"es"}]}},"_links":{"self":[{"href":"https:\/\/ryma.cinvestav.mx\/ilopez\/wp-json\/wp\/v2\/pages\/39","targetHints":{"allow":["GET"]}}],"collection":[{"href":"https:\/\/ryma.cinvestav.mx\/ilopez\/wp-json\/wp\/v2\/pages"}],"about":[{"href":"https:\/\/ryma.cinvestav.mx\/ilopez\/wp-json\/wp\/v2\/types\/page"}],"author":[{"embeddable":true,"href":"https:\/\/ryma.cinvestav.mx\/ilopez\/wp-json\/wp\/v2\/users\/18"}],"replies":[{"embeddable":true,"href":"https:\/\/ryma.cinvestav.mx\/ilopez\/wp-json\/wp\/v2\/comments?post=39"}],"version-history":[{"count":48,"href":"https:\/\/ryma.cinvestav.mx\/ilopez\/wp-json\/wp\/v2\/pages\/39\/revisions"}],"predecessor-version":[{"id":524,"href":"https:\/\/ryma.cinvestav.mx\/ilopez\/wp-json\/wp\/v2\/pages\/39\/revisions\/524"}],"wp:attachment":[{"href":"https:\/\/ryma.cinvestav.mx\/ilopez\/wp-json\/wp\/v2\/media?parent=39"}],"curies":[{"name":"wp","href":"https:\/\/api.w.org\/{rel}","templated":true}]}}