{"id":39,"date":"2017-09-10T04:17:03","date_gmt":"2017-09-10T04:17:03","guid":{"rendered":"https:\/\/ryma.cinvestav.mx\/kordaz\/?page_id=39"},"modified":"2025-12-10T18:51:28","modified_gmt":"2025-12-10T18:51:28","slug":"acercademi","status":"publish","type":"page","link":"https:\/\/ryma.cinvestav.mx\/kordaz\/","title":{"rendered":"Acerca de mi"},"content":{"rendered":"<p>[et_pb_section bb_built=\u00bb1&#8243; fullwidth=\u00bbon\u00bb specialty=\u00bboff\u00bb background_image=\u00bbhttps:\/\/ryma.cinvestav.mx\/kordaz\/wp-content\/uploads\/sites\/15\/2017\/09\/IMAGEN-CAMPA\u00d1A1.jpg\u00bb _builder_version=\u00bb3.0.72&#8243; background_color_gradient_start=\u00bbrgba(0,0,0,0.56)\u00bb background_color_gradient_end=\u00bb#ffffff\u00bb background_color_gradient_direction=\u00bb122deg\u00bb background_color_gradient_direction_radial=\u00bbleft\u00bb background_color_gradient_start_position=\u00bb9%\u00bb locked=\u00bbon\u00bb inner_width=\u00bbauto\u00bb inner_max_width=\u00bb1080px\u00bb background_color_gradient_stops=\u00bbrgba(0,0,0,0.56) 9%|#ffffff 100%\u00bb next_background_color=\u00bb#ffffff\u00bb global_module=\u00bb411&#8243;][et_pb_fullwidth_header admin_label=\u00bbNombre del Investigador\u00bb global_parent=\u00bb411&#8243; title=\u00bbDR. KENY ORDAZ HERN\u00c1NDEZ\u00bb subhead=\u00bbProfesor Investigador\u00bb background_layout=\u00bbdark\u00bb text_orientation=\u00bbleft\u00bb header_fullscreen=\u00bboff\u00bb header_scroll_down=\u00bboff\u00bb content_orientation=\u00bbcenter\u00bb image_orientation=\u00bbcenter\u00bb title_font=\u00bb|on|||\u00bb subhead_font=\u00bb|on|||\u00bb custom_button_one=\u00bboff\u00bb button_one_letter_spacing=\u00bb0&#8243; button_one_icon_placement=\u00bbright\u00bb button_one_letter_spacing_hover=\u00bb0&#8243; custom_button_two=\u00bboff\u00bb button_two_letter_spacing=\u00bb0&#8243; button_two_icon_placement=\u00bbright\u00bb button_two_letter_spacing_hover=\u00bb0&#8243; subhead_font_size=\u00bb20px\u00bb _builder_version=\u00bb3.0.72&#8243; background_overlay_color=\u00bbrgba(0,0,0,0.3)\u00bb parent_locked=\u00bbon\u00bb content_max_width=\u00bbnone\u00bb background_color=\u00bbrgba(255, 255, 255, 0)\u00bb button_one_text_size__hover_enabled=\u00bboff\u00bb button_two_text_size__hover_enabled=\u00bboff\u00bb button_one_text_color__hover_enabled=\u00bboff\u00bb button_two_text_color__hover_enabled=\u00bboff\u00bb button_one_border_width__hover_enabled=\u00bboff\u00bb button_two_border_width__hover_enabled=\u00bboff\u00bb button_one_border_color__hover_enabled=\u00bboff\u00bb button_two_border_color__hover_enabled=\u00bboff\u00bb button_one_border_radius__hover_enabled=\u00bboff\u00bb button_two_border_radius__hover_enabled=\u00bboff\u00bb button_one_letter_spacing__hover_enabled=\u00bbon\u00bb button_one_letter_spacing__hover=\u00bb0&#8243; button_two_letter_spacing__hover_enabled=\u00bbon\u00bb button_two_letter_spacing__hover=\u00bb0&#8243; button_one_bg_color__hover_enabled=\u00bboff\u00bb button_two_bg_color__hover_enabled=\u00bboff\u00bb \/][et_pb_fullwidth_menu global_parent=\u00bb411&#8243; menu_id=\u00bb6&#8243; background_layout=\u00bblight\u00bb text_orientation=\u00bbleft\u00bb submenu_direction=\u00bbdownwards\u00bb fullwidth_menu=\u00bboff\u00bb active_link_color=\u00bbrgba(131,0,233,0.81)\u00bb menu_font=\u00bb|on|||\u00bb _builder_version=\u00bb3.0.72&#8243; background_color_gradient_start=\u00bb#009f93&#8243; background_color_gradient_end=\u00bbrgba(0,0,0,0.27)\u00bb background_color_gradient_start_position=\u00bb20%\u00bb background_color=\u00bb#d3d3d3&#8243; parent_locked=\u00bbon\u00bb background_color_gradient_stops=\u00bb#009f93 20%|rgba(0,0,0,0.27) 100%\u00bb \/][\/et_pb_section][et_pb_section bb_built=\u00bb1&#8243; admin_label=\u00bbESPACIO VACIO &#8211; DEJAR ASI\u00bb _builder_version=\u00bb3.0.72&#8243; custom_css_main_element=\u00bbbox-shadow: inset 0px 3px 2px rgba(50, 50, 50, 0.75);\u00bb locked=\u00bboff\u00bb inner_width=\u00bbauto\u00bb inner_max_width=\u00bb1080px\u00bb prev_background_color=\u00bb#000000&#8243; next_background_color=\u00bb#000000&#8243;][et_pb_row _builder_version=\u00bb3.0.72&#8243; parent_locked=\u00bboff\u00bb width=\u00bb80%\u00bb max_width=\u00bb1080px\u00bb][et_pb_column type=\u00bb4_4&#8243; custom_padding__hover=\u00bb|||\u00bb custom_padding=\u00bb|||\u00bb][et_pb_team_member admin_label=\u00bbkeny\u00bb name=\u00bbDR. KENY ORDAZ HERN\u00c1NDEZ \u00bb position=\u00bbProfesor\/Investigador Cinvestav 3B. \u00bb image_url=\u00bbhttps:\/\/ryma.cinvestav.mx\/kordaz\/wp-content\/uploads\/sites\/15\/2017\/09\/KenyOK.jpg\u00bb use_border_color=\u00bbon\u00bb header_font=\u00bb|on|||\u00bb custom_css_main_element=\u00bbbox-shadow: 0 0 20px rgba(0,0,0,.3);\u00bb background_position=\u00bbtop_left\u00bb background_repeat=\u00bbrepeat\u00bb background_size=\u00bbinitial\u00bb _builder_version=\u00bb4.20.0&#8243; custom_margin=\u00bb||60px|\u00bb parent_locked=\u00bboff\u00bb border_color_all=\u00bb#ffffff\u00bb border_width_all=\u00bb8px\u00bb background_pattern_color=\u00bbrgba(0,0,0,0.2)\u00bb background_mask_color=\u00bb#ffffff\u00bb box_shadow_horizontal_image_tablet=\u00bb0px\u00bb box_shadow_vertical_image_tablet=\u00bb0px\u00bb box_shadow_blur_image_tablet=\u00bb40px\u00bb box_shadow_spread_image_tablet=\u00bb0px\u00bb text_shadow_horizontal_length=\u00bbtext_shadow_style,%91object Object%93&#8243; text_shadow_horizontal_length_tablet=\u00bb0px\u00bb text_shadow_vertical_length=\u00bbtext_shadow_style,%91object Object%93&#8243; text_shadow_vertical_length_tablet=\u00bb0px\u00bb text_shadow_blur_strength=\u00bbtext_shadow_style,%91object Object%93&#8243; text_shadow_blur_strength_tablet=\u00bb1px\u00bb header_text_shadow_horizontal_length=\u00bbheader_text_shadow_style,%91object Object%93&#8243; header_text_shadow_horizontal_length_tablet=\u00bb0px\u00bb header_text_shadow_vertical_length=\u00bbheader_text_shadow_style,%91object Object%93&#8243; header_text_shadow_vertical_length_tablet=\u00bb0px\u00bb header_text_shadow_blur_strength=\u00bbheader_text_shadow_style,%91object Object%93&#8243; header_text_shadow_blur_strength_tablet=\u00bb1px\u00bb body_text_shadow_horizontal_length=\u00bbbody_text_shadow_style,%91object Object%93&#8243; body_text_shadow_horizontal_length_tablet=\u00bb0px\u00bb body_text_shadow_vertical_length=\u00bbbody_text_shadow_style,%91object Object%93&#8243; body_text_shadow_vertical_length_tablet=\u00bb0px\u00bb body_text_shadow_blur_strength=\u00bbbody_text_shadow_style,%91object Object%93&#8243; body_text_shadow_blur_strength_tablet=\u00bb1px\u00bb body_link_text_shadow_horizontal_length=\u00bbbody_link_text_shadow_style,%91object Object%93&#8243; body_link_text_shadow_horizontal_length_tablet=\u00bb0px\u00bb body_link_text_shadow_vertical_length=\u00bbbody_link_text_shadow_style,%91object Object%93&#8243; body_link_text_shadow_vertical_length_tablet=\u00bb0px\u00bb body_link_text_shadow_blur_strength=\u00bbbody_link_text_shadow_style,%91object Object%93&#8243; body_link_text_shadow_blur_strength_tablet=\u00bb1px\u00bb body_ul_text_shadow_horizontal_length=\u00bbbody_ul_text_shadow_style,%91object Object%93&#8243; body_ul_text_shadow_horizontal_length_tablet=\u00bb0px\u00bb body_ul_text_shadow_vertical_length=\u00bbbody_ul_text_shadow_style,%91object Object%93&#8243; body_ul_text_shadow_vertical_length_tablet=\u00bb0px\u00bb body_ul_text_shadow_blur_strength=\u00bbbody_ul_text_shadow_style,%91object Object%93&#8243; body_ul_text_shadow_blur_strength_tablet=\u00bb1px\u00bb body_ol_text_shadow_horizontal_length=\u00bbbody_ol_text_shadow_style,%91object Object%93&#8243; body_ol_text_shadow_horizontal_length_tablet=\u00bb0px\u00bb body_ol_text_shadow_vertical_length=\u00bbbody_ol_text_shadow_style,%91object Object%93&#8243; body_ol_text_shadow_vertical_length_tablet=\u00bb0px\u00bb body_ol_text_shadow_blur_strength=\u00bbbody_ol_text_shadow_style,%91object Object%93&#8243; body_ol_text_shadow_blur_strength_tablet=\u00bb1px\u00bb body_quote_text_shadow_horizontal_length=\u00bbbody_quote_text_shadow_style,%91object Object%93&#8243; body_quote_text_shadow_horizontal_length_tablet=\u00bb0px\u00bb body_quote_text_shadow_vertical_length=\u00bbbody_quote_text_shadow_style,%91object Object%93&#8243; body_quote_text_shadow_vertical_length_tablet=\u00bb0px\u00bb body_quote_text_shadow_blur_strength=\u00bbbody_quote_text_shadow_style,%91object Object%93&#8243; body_quote_text_shadow_blur_strength_tablet=\u00bb1px\u00bb position_text_shadow_horizontal_length=\u00bbposition_text_shadow_style,%91object Object%93&#8243; position_text_shadow_horizontal_length_tablet=\u00bb0px\u00bb position_text_shadow_vertical_length=\u00bbposition_text_shadow_style,%91object Object%93&#8243; position_text_shadow_vertical_length_tablet=\u00bb0px\u00bb position_text_shadow_blur_strength=\u00bbposition_text_shadow_style,%91object Object%93&#8243; position_text_shadow_blur_strength_tablet=\u00bb1px\u00bb box_shadow_horizontal_tablet=\u00bb0px\u00bb box_shadow_vertical_tablet=\u00bb0px\u00bb box_shadow_blur_tablet=\u00bb40px\u00bb box_shadow_spread_tablet=\u00bb0px\u00bb vertical_offset_tablet=\u00bb0&#8243; horizontal_offset_tablet=\u00bb0&#8243; z_index_tablet=\u00bb0&#8243;]<\/p>\n<hr \/>\n<p><strong><i class=\"fa fa-graduation-cap \" ><\/i><\/strong><\/p>\n<ul>\n<li>Doctor en Ingenier\u00eda Mec\u00e1nica (2007). Ecole Centrale de Nantes, Nantes, Francia.<\/li>\n<li>Maestr\u00eda en Ingenier\u00eda de Software Distribuido, en la Universidad Aut\u00f3noma de Quer\u00e9taro (UAQ), M\u00e9xico (01\/2002-10\/2004).<\/li>\n<li>Licenciatura en Ingenier\u00eda Civil, en el Instituto Tecnol\u00f3gico de Tapachula (ITT). (08\/1992-02\/1997).<\/li>\n<\/ul>\n<p><strong><i class=\"fa fa-lightbulb-o \" ><\/i> <\/strong><strong>L\u00edneas de investigaci\u00f3n: <\/strong>Integraci\u00f3n de percepci\u00f3n multimodal en robots industriales. Manipulaci\u00f3n de cuerpos deformables.<\/p>\n<p><strong><i class=\"fa fa-bookmark \" ><\/i><\/strong><strong>\u00a0<\/strong><strong>Categor\u00eda<\/strong><strong> SNI: <\/strong>I\u00a0 \u00a0<strong><i class=\"fa fa-envelope \" ><\/i> <\/strong><strong>Email<\/strong>: <a href=\"mailto:keny.ordaz@cinvestav.edu.mx\">keny.ordaz@cinvestav.edu.mx<\/a>\u00a0 \u00a0<strong><i class=\"fa fa-phone-square \" ><\/i> <\/strong><strong>Tel<\/strong>: (844)438-96-00 ext. 8638<\/p>\n<p><strong><i class=\"fa fa-link \" ><\/i> \u00a0<\/strong><a href=\"https:\/\/ryma.cinvestav.mx\/kordaz\">ryma.cinvestav.mx\/kordaz<\/a><\/p>\n<div class=\"\" data-block=\"true\" data-editor=\"pp4i\" data-offset-key=\"3un5cffd-0-0\">\n<div class=\"public-DraftStyleDefault-block public-DraftStyleDefault-ltr\" data-offset-key=\"3un5cffd-0-0\"><span data-offset-key=\"3un5cffd-0-0\">ORCID<\/span><\/div>\n<\/div>\n<div class=\"\" data-block=\"true\" data-editor=\"pp4i\" data-offset-key=\"d8ff9400-0-0\">\n<div class=\"public-DraftStyleDefault-block public-DraftStyleDefault-ltr\" data-offset-key=\"d8ff9400-0-0\"><span aria-label=\"Presiona Ctrl + espacio para abrir https:\/\/orcid.org\/0000-0001-9528-9035 en una nueva pesta\u00f1a.\" aria-live=\"off\"><a id=\"n-link-d8ff9400\" class=\"n-editor-link\" title=\"Usa Ctrl + clic para abrir https:\/\/orcid.org\/0000-0001-9528-9035 en una nueva pesta\u00f1a.\" href=\"https:\/\/orcid.org\/0000-0001-9528-9035\" target=\"_blank\" rel=\"noopener noreferrer\"><span data-offset-key=\"d8ff9400-0-0\">https:\/\/orcid.org\/0000-0001-9528-9035<\/span><\/a><\/span><\/div>\n<\/div>\n<div class=\"\" data-block=\"true\" data-editor=\"pp4i\" data-offset-key=\"45bafac1-0-0\">\n<div class=\"public-DraftStyleDefault-block public-DraftStyleDefault-ltr\" data-offset-key=\"45bafac1-0-0\">\u00a0<\/div>\n<\/div>\n<p>[\/et_pb_team_member][\/et_pb_column][\/et_pb_row][\/et_pb_section][et_pb_section bb_built=\u00bb1&#8243; fullwidth=\u00bboff\u00bb specialty=\u00bboff\u00bb inner_width=\u00bbauto\u00bb inner_max_width=\u00bb1080px\u00bb prev_background_color=\u00bb#000000&#8243; next_background_color=\u00bbrgba(0,0,0,0.32)\u00bb][et_pb_row][et_pb_column type=\u00bb4_4&#8243; custom_padding__hover=\u00bb|||\u00bb custom_padding=\u00bb|||\u00bb][\/et_pb_column][\/et_pb_row][et_pb_row][et_pb_column type=\u00bb1_4&#8243; custom_padding__hover=\u00bb|||\u00bb custom_padding=\u00bb|||\u00bb][\/et_pb_column][et_pb_column type=\u00bb1_4&#8243; custom_padding__hover=\u00bb|||\u00bb custom_padding=\u00bb|||\u00bb][\/et_pb_column][et_pb_column type=\u00bb1_4&#8243; custom_padding__hover=\u00bb|||\u00bb custom_padding=\u00bb|||\u00bb][\/et_pb_column][et_pb_column type=\u00bb1_4&#8243; custom_padding__hover=\u00bb|||\u00bb custom_padding=\u00bb|||\u00bb][\/et_pb_column][\/et_pb_row][\/et_pb_section][et_pb_section bb_built=\u00bb1&#8243; fullwidth=\u00bboff\u00bb specialty=\u00bboff\u00bb background_color=\u00bbrgba(0,0,0,0.32)\u00bb inner_shadow=\u00bbon\u00bb custom_css_main_element=\u00bbbox-shadow: inset 0px 3px 2px rgba(150, 150, 150, 0.85);\u00bb _builder_version=\u00bb3.0.72&#8243; locked=\u00bbon\u00bb prev_background_color=\u00bb#ffffff\u00bb inner_width=\u00bbauto\u00bb inner_max_width=\u00bb1080px\u00bb global_module=\u00bb321&#8243;][et_pb_row global_parent=\u00bb321&#8243; make_fullwidth=\u00bboff\u00bb use_custom_width=\u00bboff\u00bb width_unit=\u00bbon\u00bb use_custom_gutter=\u00bboff\u00bb allow_player_pause=\u00bboff\u00bb parallax=\u00bboff\u00bb parallax_method=\u00bbon\u00bb make_equal=\u00bboff\u00bb custom_margin=\u00bb-40px|||\u00bb background_position=\u00bbtop_left\u00bb background_repeat=\u00bbrepeat\u00bb background_size=\u00bbinitial\u00bb parent_locked=\u00bbon\u00bb width=\u00bb80%\u00bb max_width=\u00bb1080px\u00bb][et_pb_column type=\u00bb4_4&#8243; global_parent=\u00bb321&#8243; custom_padding__hover=\u00bb|||\u00bb custom_padding=\u00bb|||\u00bb parent_locked=\u00bbon\u00bb parallax_method=\u00bbon\u00bb][et_pb_image admin_label=\u00bbLogoCINVESTAV del Pie de p\u00e1gina\u00bb global_parent=\u00bb321&#8243; src=\u00bbhttps:\/\/ryma.cinvestav.mx\/wp-content\/uploads\/2014\/08\/roboticaCinvestavOK_transparencia_white.png\u00bb alt=\u00bbRob\u00f3tica y Manufactura Avanzada, Cinvestav\u00bb show_in_lightbox=\u00bboff\u00bb url_new_window=\u00bboff\u00bb use_overlay=\u00bboff\u00bb animation=\u00bboff\u00bb sticky=\u00bbon\u00bb align=\u00bbcenter\u00bb max_width=\u00bb95px\u00bb max_width_last_edited=\u00bbon|desktop\u00bb force_fullwidth=\u00bboff\u00bb always_center_on_mobile=\u00bbon\u00bb border_style=\u00bbsolid\u00bb custom_margin=\u00bb||15px|\u00bb _builder_version=\u00bb3.0.72&#8243; parent_locked=\u00bbon\u00bb show_bottom_space=\u00bboff\u00bb align_last_edited=\u00bbon|desktop\u00bb align_tablet=\u00bbcenter\u00bb \/][et_pb_text global_parent=\u00bb321&#8243; _builder_version=\u00bb3.0.72&#8243; background_layout=\u00bbdark\u00bb text_orientation=\u00bbcenter\u00bb border_style=\u00bbsolid\u00bb custom_margin=\u00bb||-50px|\u00bb parent_locked=\u00bbon\u00bb module_alignment=\u00bbcenter\u00bb]<\/p>\n<hr \/>\n<p style=\"text-align: center\">Av. Industrial\u00a0Metalurgia\u00a0#1062,\u00a0Parque Ind. Ramos Arizpe,\u00a0Ramos Arizpe, Coah.\u00a0C.P. 25900, M\u00e9xico. \u00a0Tel. +52 (844) 438-9600<\/p>\n<p>[\/et_pb_text][\/et_pb_column][\/et_pb_row][\/et_pb_section]<\/p>\n","protected":false},"excerpt":{"rendered":"<p><i class=\"fa fa-graduation-cap \" ><\/i>Doctor en Ingenier\u00eda Mec\u00e1nica (2007). Ecole Centrale de Nantes, Nantes, Francia.Maestr\u00eda en Ingenier\u00eda de Software Distribuido, en la Universidad Aut\u00f3noma de Quer\u00e9taro (UAQ), M\u00e9xico (01\/2002-10\/2004).Licenciatura en Ingenier\u00eda Civil, en el Instituto Tecnol\u00f3gico de Tapachula (ITT). (08\/1992-02\/1997).<i class=\"fa fa-lightbulb-o \" ><\/i> L\u00edneas de investigaci\u00f3n: Integraci\u00f3n de percepci\u00f3n multimodal en robots industriales. Manipulaci\u00f3n de cuerpos [&hellip;]<\/p>\n","protected":false},"author":20,"featured_media":0,"parent":0,"menu_order":0,"comment_status":"closed","ping_status":"closed","template":"","meta":{"_et_pb_use_builder":"on","_et_pb_old_content":"","_et_gb_content_width":"","footnotes":""},"class_list":["post-39","page","type-page","status-publish","hentry"],"yoast_head":"<!-- This site is optimized with the Yoast SEO plugin v27.3 - https:\/\/yoast.com\/product\/yoast-seo-wordpress\/ -->\n<title>Acerca de mi - Prof. Dr. Keny Ordaz-Hernandez<\/title>\n<meta name=\"robots\" content=\"index, follow, max-snippet:-1, max-image-preview:large, max-video-preview:-1\" \/>\n<link rel=\"canonical\" href=\"https:\/\/ryma.cinvestav.mx\/kordaz\/\" \/>\n<meta property=\"og:locale\" content=\"es_ES\" \/>\n<meta property=\"og:type\" content=\"article\" \/>\n<meta property=\"og:title\" content=\"Acerca de mi - Prof. Dr. Keny Ordaz-Hernandez\" \/>\n<meta property=\"og:description\" content=\"Doctor en Ingenier\u00eda Mec\u00e1nica (2007). Ecole Centrale de Nantes, Nantes, Francia.Maestr\u00eda en Ingenier\u00eda de Software Distribuido, en la Universidad Aut\u00f3noma de Quer\u00e9taro (UAQ), M\u00e9xico (01\/2002-10\/2004).Licenciatura en Ingenier\u00eda Civil, en el Instituto Tecnol\u00f3gico de Tapachula (ITT). (08\/1992-02\/1997). L\u00edneas de investigaci\u00f3n: Integraci\u00f3n de percepci\u00f3n multimodal en robots industriales. Manipulaci\u00f3n de cuerpos [&hellip;]\" \/>\n<meta property=\"og:url\" content=\"https:\/\/ryma.cinvestav.mx\/kordaz\/\" \/>\n<meta property=\"og:site_name\" content=\"Prof. Dr. Keny Ordaz-Hernandez\" \/>\n<meta property=\"article:modified_time\" content=\"2025-12-10T18:51:28+00:00\" \/>\n<meta name=\"twitter:card\" content=\"summary_large_image\" \/>\n<meta name=\"twitter:label1\" content=\"Tiempo de lectura\" \/>\n\t<meta name=\"twitter:data1\" content=\"7 minutos\" \/>\n<script type=\"application\/ld+json\" class=\"yoast-schema-graph\">{\"@context\":\"https:\\\/\\\/schema.org\",\"@graph\":[{\"@type\":\"WebPage\",\"@id\":\"https:\\\/\\\/ryma.cinvestav.mx\\\/kordaz\\\/\",\"url\":\"https:\\\/\\\/ryma.cinvestav.mx\\\/kordaz\\\/\",\"name\":\"Acerca de mi - Prof. Dr. Keny Ordaz-Hernandez\",\"isPartOf\":{\"@id\":\"https:\\\/\\\/ryma.cinvestav.mx\\\/kordaz\\\/#website\"},\"datePublished\":\"2017-09-10T04:17:03+00:00\",\"dateModified\":\"2025-12-10T18:51:28+00:00\",\"breadcrumb\":{\"@id\":\"https:\\\/\\\/ryma.cinvestav.mx\\\/kordaz\\\/#breadcrumb\"},\"inLanguage\":\"es\",\"potentialAction\":[{\"@type\":\"ReadAction\",\"target\":[\"https:\\\/\\\/ryma.cinvestav.mx\\\/kordaz\\\/\"]}]},{\"@type\":\"BreadcrumbList\",\"@id\":\"https:\\\/\\\/ryma.cinvestav.mx\\\/kordaz\\\/#breadcrumb\",\"itemListElement\":[{\"@type\":\"ListItem\",\"position\":1,\"name\":\"Portada\",\"item\":\"https:\\\/\\\/ryma.cinvestav.mx\\\/kordaz\\\/\"},{\"@type\":\"ListItem\",\"position\":2,\"name\":\"Acerca de mi\"}]},{\"@type\":\"WebSite\",\"@id\":\"https:\\\/\\\/ryma.cinvestav.mx\\\/kordaz\\\/#website\",\"url\":\"https:\\\/\\\/ryma.cinvestav.mx\\\/kordaz\\\/\",\"name\":\"Prof. Dr. Keny Ordaz-Hernandez\",\"description\":\"Miembro de Rob\u00f3tica y Manufactura Avanzada - Cinvestav\",\"potentialAction\":[{\"@type\":\"SearchAction\",\"target\":{\"@type\":\"EntryPoint\",\"urlTemplate\":\"https:\\\/\\\/ryma.cinvestav.mx\\\/kordaz\\\/?s={search_term_string}\"},\"query-input\":{\"@type\":\"PropertyValueSpecification\",\"valueRequired\":true,\"valueName\":\"search_term_string\"}}],\"inLanguage\":\"es\"}]}<\/script>\n<!-- \/ Yoast SEO plugin. -->","yoast_head_json":{"title":"Acerca de mi - Prof. Dr. Keny Ordaz-Hernandez","robots":{"index":"index","follow":"follow","max-snippet":"max-snippet:-1","max-image-preview":"max-image-preview:large","max-video-preview":"max-video-preview:-1"},"canonical":"https:\/\/ryma.cinvestav.mx\/kordaz\/","og_locale":"es_ES","og_type":"article","og_title":"Acerca de mi - Prof. Dr. Keny Ordaz-Hernandez","og_description":"Doctor en Ingenier\u00eda Mec\u00e1nica (2007). Ecole Centrale de Nantes, Nantes, Francia.Maestr\u00eda en Ingenier\u00eda de Software Distribuido, en la Universidad Aut\u00f3noma de Quer\u00e9taro (UAQ), M\u00e9xico (01\/2002-10\/2004).Licenciatura en Ingenier\u00eda Civil, en el Instituto Tecnol\u00f3gico de Tapachula (ITT). (08\/1992-02\/1997). L\u00edneas de investigaci\u00f3n: Integraci\u00f3n de percepci\u00f3n multimodal en robots industriales. Manipulaci\u00f3n de cuerpos [&hellip;]","og_url":"https:\/\/ryma.cinvestav.mx\/kordaz\/","og_site_name":"Prof. Dr. Keny Ordaz-Hernandez","article_modified_time":"2025-12-10T18:51:28+00:00","twitter_card":"summary_large_image","twitter_misc":{"Tiempo de lectura":"7 minutos"},"schema":{"@context":"https:\/\/schema.org","@graph":[{"@type":"WebPage","@id":"https:\/\/ryma.cinvestav.mx\/kordaz\/","url":"https:\/\/ryma.cinvestav.mx\/kordaz\/","name":"Acerca de mi - Prof. Dr. Keny Ordaz-Hernandez","isPartOf":{"@id":"https:\/\/ryma.cinvestav.mx\/kordaz\/#website"},"datePublished":"2017-09-10T04:17:03+00:00","dateModified":"2025-12-10T18:51:28+00:00","breadcrumb":{"@id":"https:\/\/ryma.cinvestav.mx\/kordaz\/#breadcrumb"},"inLanguage":"es","potentialAction":[{"@type":"ReadAction","target":["https:\/\/ryma.cinvestav.mx\/kordaz\/"]}]},{"@type":"BreadcrumbList","@id":"https:\/\/ryma.cinvestav.mx\/kordaz\/#breadcrumb","itemListElement":[{"@type":"ListItem","position":1,"name":"Portada","item":"https:\/\/ryma.cinvestav.mx\/kordaz\/"},{"@type":"ListItem","position":2,"name":"Acerca de mi"}]},{"@type":"WebSite","@id":"https:\/\/ryma.cinvestav.mx\/kordaz\/#website","url":"https:\/\/ryma.cinvestav.mx\/kordaz\/","name":"Prof. Dr. Keny Ordaz-Hernandez","description":"Miembro de Rob\u00f3tica y Manufactura Avanzada - Cinvestav","potentialAction":[{"@type":"SearchAction","target":{"@type":"EntryPoint","urlTemplate":"https:\/\/ryma.cinvestav.mx\/kordaz\/?s={search_term_string}"},"query-input":{"@type":"PropertyValueSpecification","valueRequired":true,"valueName":"search_term_string"}}],"inLanguage":"es"}]}},"_links":{"self":[{"href":"https:\/\/ryma.cinvestav.mx\/kordaz\/wp-json\/wp\/v2\/pages\/39","targetHints":{"allow":["GET"]}}],"collection":[{"href":"https:\/\/ryma.cinvestav.mx\/kordaz\/wp-json\/wp\/v2\/pages"}],"about":[{"href":"https:\/\/ryma.cinvestav.mx\/kordaz\/wp-json\/wp\/v2\/types\/page"}],"author":[{"embeddable":true,"href":"https:\/\/ryma.cinvestav.mx\/kordaz\/wp-json\/wp\/v2\/users\/20"}],"replies":[{"embeddable":true,"href":"https:\/\/ryma.cinvestav.mx\/kordaz\/wp-json\/wp\/v2\/comments?post=39"}],"version-history":[{"count":52,"href":"https:\/\/ryma.cinvestav.mx\/kordaz\/wp-json\/wp\/v2\/pages\/39\/revisions"}],"predecessor-version":[{"id":591,"href":"https:\/\/ryma.cinvestav.mx\/kordaz\/wp-json\/wp\/v2\/pages\/39\/revisions\/591"}],"wp:attachment":[{"href":"https:\/\/ryma.cinvestav.mx\/kordaz\/wp-json\/wp\/v2\/media?parent=39"}],"curies":[{"name":"wp","href":"https:\/\/api.w.org\/{rel}","templated":true}]}}