{"id":78,"date":"2017-09-10T05:47:08","date_gmt":"2017-09-10T05:47:08","guid":{"rendered":"https:\/\/ryma.cinvestav.mx\/mcastelan\/?page_id=78"},"modified":"2018-01-28T00:43:56","modified_gmt":"2018-01-28T00:43:56","slug":"tesisyestudiantes","status":"publish","type":"page","link":"https:\/\/ryma.cinvestav.mx\/mcastelan\/tesisyestudiantes\/","title":{"rendered":"Students"},"content":{"rendered":"<p>[et_pb_section bb_built=\u00bb1&#8243; fullwidth=\u00bbon\u00bb _builder_version=\u00bb3.0.72&#8243; background_color_gradient_direction=\u00bb122deg\u00bb background_image=\u00bbhttps:\/\/ryma.cinvestav.mx\/mcastelan\/wp-content\/uploads\/sites\/5\/2017\/09\/IMAGEN-CAMPA\u00d1A1.jpg\u00bb locked=\u00bbon\u00bb][et_pb_fullwidth_header title=\u00bbDR. MARIO CASTELAN\u00bb subhead=\u00bbProfesor Investigador\u00bb background_layout=\u00bbdark\u00bb background_overlay_color=\u00bbrgba(0,0,0,0.3)\u00bb _builder_version=\u00bb3.0.72&#8243; title_font=\u00bb|on|||\u00bb subhead_font=\u00bb|on|||\u00bb subhead_font_size=\u00bb20px\u00bb parent_locked=\u00bbon\u00bb text_orientation=\u00bbleft\u00bb header_fullscreen=\u00bboff\u00bb header_scroll_down=\u00bboff\u00bb image_orientation=\u00bbcenter\u00bb content_orientation=\u00bbcenter\u00bb custom_button_two=\u00bboff\u00bb button_two_letter_spacing=\u00bb0&#8243; button_two_icon_placement=\u00bbright\u00bb button_two_letter_spacing_hover=\u00bb0&#8243; custom_button_one=\u00bboff\u00bb button_one_letter_spacing=\u00bb0&#8243; button_one_icon_placement=\u00bbright\u00bb button_one_letter_spacing_hover=\u00bb0&#8243; \/][et_pb_fullwidth_menu menu_id=\u00bb6&#8243; background_color=\u00bb#d3d3d3&#8243; submenu_direction=\u00bbdownwards\u00bb fullwidth_menu=\u00bboff\u00bb active_link_color=\u00bbrgba(131,0,233,0.81)\u00bb _builder_version=\u00bb3.0.72&#8243; menu_font=\u00bb|on|||\u00bb parent_locked=\u00bbon\u00bb \/][\/et_pb_section][et_pb_section bb_built=\u00bb1&#8243; _builder_version=\u00bb3.0.72&#8243; custom_css_main_element=\u00bbbox-shadow: inset 0px 3px 2px rgba(50, 50, 50, 0.75);\u00bb][et_pb_row][et_pb_column type=\u00bb4_4&#8243;][et_pb_text admin_label=\u00bbTexto Estudiantes de Doctorado\u00bb _builder_version=\u00bb3.0.91&#8243; background_layout=\u00bblight\u00bb]<\/p>\n<hr \/>\n<div class='et-box et-shadow'>\n\t\t\t\t\t<div class='et-box-content'><h2><strong>PHD STUDENTS\n<\/strong><\/h2><\/div><\/div>\n<h2>Current<\/h2>\n<ol>\n<li><strong>Mar\u00eda Rico-Fern\u00e1ndez<\/strong>. Thesis title:\u00a0<em>\u201cVisual based adaptive methods for monitoring crops in agriculture\u00a0\u201c<\/em><strong>.<\/strong>\u00a0Co-director: Dr. Reyes R\u00edos-Cabrera.<\/li>\n<\/ol>\n<hr \/>\n<h2>Graduated<\/h2>\n<ol>\n<li><strong>Pablo A. Mart\u00ednez-Gonz\u00e1lez<\/strong>. Thesis title: <em>\u201cActive localization\u00a0of a humanoid robot for locomotion and reconstruction tasks\u201d<\/em>.\u00a0Co-director: Dr. Gustavo Arechavaleta. 2016.<\/li>\n<li><strong>Dalila S\u00e1nchez-Escobedo<\/strong>. Thesis title:\u00a0<em>\u201c3D face shape prediction using cylindrical coordinates, contours and latent variable-based regression\u201d<\/em>, 2015.<\/li>\n<li><strong>Felipe Hern\u00e1ndez-Rodr\u00edguez<\/strong>. Thesis title:\u00a0<em>\u201cFace shape recovery using extended photometric sampling\u201d<\/em>,\u00a02013.<\/li>\n<\/ol>\n<h3><\/h3>\n<p>[\/et_pb_text][et_pb_text admin_label=\u00bbTexto Estudiantes de Maestr\u00eda\u00bb _builder_version=\u00bb3.0.91&#8243; background_layout=\u00bblight\u00bb]<\/p>\n<hr \/>\n<div class='et-box et-shadow'>\n\t\t\t\t\t<div class='et-box-content'><h2><strong>MSC STUDENTS\n<\/strong><\/h2><\/div><\/div>\n<h3>Current<\/h3>\n<ol>\n<li><strong>Carlos A. Mart\u00ednez-Miwa<\/strong>. Thesis title:\u00a0<em>\u201cHumans vs Machines: recognizing previously visited places under challenging environments\u201d<\/em>.<\/li>\n<\/ol>\n<hr \/>\n<h2>Graduated<\/h2>\n<ol>\n<li><strong>Carlos E. Garza-Castillo<\/strong>. Thesis title:\u00a0<em>\u201cShape-texture coherence for 3D rendering\u00a0of human faces\u201d<\/em>. 2017.<\/li>\n<li><strong>H\u00e9ctor I. Guerrero-Reyes.<\/strong> Thesis title:\u00a0<em>\u201cVisual based growth monitoring for crops in agriculture\u201d<\/em>. 2016.<\/li>\n<li><strong>Christian Alejandro Luna-Aguilar<\/strong>. Thesis title:\u00a0<em>\u201cIncorporating acoustic sensors for the tracking and control of a mobile robot\u201d<\/em>.\u00a0Co-director: Dr. Am\u00e9rica Morales. 2015.<\/li>\n<li><strong>Mar\u00eda Rico-Fern\u00e1ndez<\/strong>. Thesis title:\u00a0<em>\u201cEstimating human head orientation using multivariate linear regression\u201d<\/em>, 2013.<\/li>\n<li><strong>Josafat\u00a0Delf\u00edn-M\u00e1rquez<\/strong>. Thesis title:\u00a0<em>\u201c3D object reconstruction using a humanoid robot\u201d<\/em>. Co-director: Dr. Gustavo Arechavaleta.\u00a02012.<\/li>\n<li><strong>Elier Cruz-P\u00e9rez<\/strong>. Thesis title:\u00a0<em>\u201cReflectance characterization and transference via extended photometric sampling\u201d<\/em>, 2012.<\/li>\n<li><strong>Christian A. Ram\u00edrez-Bejarano<\/strong>. Thesis title:\u00a0<em>\u201cModeling of human walking using multilinear algebra\u201d<\/em>.<strong>\u00a0<\/strong>Co-director: Dr. Gustavo Arechavaleta.\u00a02011.<\/li>\n<li><strong>Jocelyn Miranda-Hern\u00e1ndez<\/strong>.\u00a0Thesis title:\u00a0<em>\u201cFace colorization from grayscale images\u201d<\/em>. Co-diector: Dr. Luz Abril Torres-M\u00e9ndez.\u00a0\u00a02011.<\/li>\n<li><strong>Francisco Javier Castro-Mart\u00ednez<\/strong>.\u00a0Thesis title:\u00a0<em>\u201cObject recognition using artificial neural networks, variable illumination and combined visual features\u201d<\/em>.\u00a0Co-director: Dr. Ismael L\u00f3pez-Ju\u00e1rez. 2011.<\/li>\n<li><strong>Dalila S\u00e1nchez-Escobedo<\/strong>. Thesis title:\u00a0<em>\u201cFace shape prediction from a single image using cylindrical coordinates and regression based on latent variables\u201d<\/em>.\u00a0Co-director: Dr. Uwe Kruger. 2011.<\/li>\n<li><strong>Pablo A. Mart\u00ednez-Gonz\u00e1lez<\/strong>. Thesis title:\u00a0<em>\u201cIncorporation of\u00a0the light transport constancy constraint into binocular stereo algorithms\u201d<\/em>, 2010.<\/li>\n<li><strong>Gustavo A. Puerto-Souza<\/strong>. Thesis title: <em>\u201cUsing subspace multiple linear regression for 3D face shape prediction\u201d<\/em>. Graduated from the MSc program\u00a0in Computer Science, Center for Research in Mathematics. Co-director: Dr. Johan Van Horebeek. 2009<\/li>\n<li><strong>Sergio A. Rosales-Morales<\/strong>. Thesis title: <em>\u201c3D map reconstruction based on statistical visual features\u201d<\/em>. Co-director: Dr. Luz Abril Torres-M\u00e9ndez. 2009.<\/li>\n<li><strong>Felipe Hern\u00e1ndez Rodr\u00edguez<\/strong>.\u00a0Thesis title:\u00a0<em>\u201cRobot assisted photometric stereo\u201d<\/em>. 2008<\/li>\n<li><strong>Ana J. Almaz\u00e1n-Delf\u00edn<\/strong>.\u00a0Thesis title:\u00a0<em>\u201cFace shape recovery from the zenith angle of the surface normal\u201d<\/em>. Graduated from the MSc\u00a0program in Artificial Intelligence, University of Veracruz. Co-director:\u00a0Dr. Antonio Mar\u00edn-Hern\u00e1ndez. 2008<\/li>\n<\/ol>\n<p>[\/et_pb_text][et_pb_text admin_label=\u00bbPropuestas de tesis Master and Doctorado\u00bb _builder_version=\u00bb3.0.91&#8243; background_layout=\u00bblight\u00bb]<\/p>\n<hr \/>\n<div class='et-box et-shadow'>\n\t\t\t\t\t<div class='et-box-content'><h2><strong>THESIS PROPOSALS\n<\/strong><\/h2><\/div><\/div>\n<p>To be updated.<\/p>\n<p>[\/et_pb_text][\/et_pb_column][\/et_pb_row][\/et_pb_section][et_pb_section bb_built=\u00bb1&#8243; fullwidth=\u00bboff\u00bb specialty=\u00bboff\u00bb background_color=\u00bbrgba(0,0,0,0.32)\u00bb inner_shadow=\u00bbon\u00bb custom_css_main_element=\u00bbbox-shadow: inset 0px 3px 2px rgba(150, 150, 150, 0.85);\u00bb _builder_version=\u00bb3.0.72&#8243; locked=\u00bbon\u00bb global_module=\u00bb66&#8243;][et_pb_row global_parent=\u00bb66&#8243; make_fullwidth=\u00bboff\u00bb use_custom_width=\u00bboff\u00bb width_unit=\u00bbon\u00bb use_custom_gutter=\u00bboff\u00bb allow_player_pause=\u00bboff\u00bb parallax=\u00bboff\u00bb parallax_method=\u00bbon\u00bb make_equal=\u00bboff\u00bb parallax_1=\u00bboff\u00bb parallax_method_1=\u00bboff\u00bb custom_margin=\u00bb-40px|||\u00bb background_position=\u00bbtop_left\u00bb background_repeat=\u00bbrepeat\u00bb background_size=\u00bbinitial\u00bb parent_locked=\u00bbon\u00bb][et_pb_column type=\u00bb4_4&#8243;][et_pb_image admin_label=\u00bbLogo CINVESTAV del Pie de p\u00e1gina\u00bb global_parent=\u00bb66&#8243; src=\u00bbhttps:\/\/ryma.cinvestav.mx\/wp-content\/uploads\/2014\/08\/roboticaCinvestavOK_transparencia_white.png\u00bb alt=\u00bbRob\u00f3tica y Manufactura Avanzada, Cinvestav\u00bb show_in_lightbox=\u00bboff\u00bb url_new_window=\u00bboff\u00bb use_overlay=\u00bboff\u00bb animation=\u00bboff\u00bb sticky=\u00bbon\u00bb align=\u00bbcenter\u00bb max_width=\u00bb95px\u00bb max_width_last_edited=\u00bbon|desktop\u00bb force_fullwidth=\u00bboff\u00bb always_center_on_mobile=\u00bbon\u00bb border_style=\u00bbsolid\u00bb custom_margin=\u00bb||15px|\u00bb _builder_version=\u00bb3.0.72&#8243; animation_direction=\u00bboff\u00bb parent_locked=\u00bbon\u00bb \/][et_pb_text global_parent=\u00bb66&#8243; _builder_version=\u00bb3.0.72&#8243; background_layout=\u00bbdark\u00bb text_orientation=\u00bbcenter\u00bb border_style=\u00bbsolid\u00bb custom_margin=\u00bb||-50px|\u00bb parent_locked=\u00bbon\u00bb]<\/p>\n<hr \/>\n<p style=\"text-align: center\">Av. Industrial\u00a0Metalurgia\u00a0#1062,\u00a0Parque Ind. Ramos Arizpe,\u00a0Ramos Arizpe, Coah.\u00a0C.P. 25900, M\u00e9xico. \u00a0Tel. +52 (844) 438-9600<\/p>\n<p>[\/et_pb_text][\/et_pb_column][\/et_pb_row][\/et_pb_section]<\/p>\n","protected":false},"excerpt":{"rendered":"<p><div class=\"et_pb_row et_pb_row_0 et_pb_row_empty\">\n\t\t\t\t\n\t\t\t\t\n\t\t\t\t\n\t\t\t\t\n\t\t\t\t\n\t\t\t<\/div> <div class='et-box et-shadow'>\n\t\t\t\t\t<div class='et-box-content'>PHD STUDENTS<\/div><\/div> Current Mar\u00eda Rico-Fern\u00e1ndez. Thesis title:\u00a0\u201cVisual based adaptive methods for monitoring crops in agriculture\u00a0\u201c.\u00a0Co-director: Dr. Reyes R\u00edos-Cabrera. Graduated Pablo A. Mart\u00ednez-Gonz\u00e1lez. Thesis title: \u201cActive localization\u00a0of a humanoid robot for locomotion and reconstruction tasks\u201d.\u00a0Co-director: Dr. Gustavo Arechavaleta. 2016. Dalila S\u00e1nchez-Escobedo. Thesis title:\u00a0\u201c3D face shape prediction using cylindrical coordinates, contours and latent variable-based [&hellip;]<\/p>\n","protected":false},"author":12,"featured_media":0,"parent":0,"menu_order":0,"comment_status":"closed","ping_status":"closed","template":"","meta":{"_et_pb_use_builder":"on","_et_pb_old_content":"","_et_gb_content_width":"","footnotes":""},"class_list":["post-78","page","type-page","status-publish","hentry"],"yoast_head":"<!-- This site is optimized with the Yoast SEO plugin v27.3 - https:\/\/yoast.com\/product\/yoast-seo-wordpress\/ -->\n<title>Students - Prof. Dr. Mario Castelan<\/title>\n<meta name=\"robots\" content=\"index, follow, max-snippet:-1, max-image-preview:large, max-video-preview:-1\" \/>\n<link rel=\"canonical\" href=\"https:\/\/ryma.cinvestav.mx\/mcastelan\/tesisyestudiantes\/\" \/>\n<meta property=\"og:locale\" content=\"es_ES\" \/>\n<meta property=\"og:type\" content=\"article\" \/>\n<meta property=\"og:title\" content=\"Students - Prof. Dr. Mario Castelan\" \/>\n<meta property=\"og:description\" content=\"Current Mar\u00eda Rico-Fern\u00e1ndez. Thesis title:\u00a0\u201cVisual based adaptive methods for monitoring crops in agriculture\u00a0\u201c.\u00a0Co-director: Dr. Reyes R\u00edos-Cabrera. Graduated Pablo A. Mart\u00ednez-Gonz\u00e1lez. Thesis title: \u201cActive localization\u00a0of a humanoid robot for locomotion and reconstruction tasks\u201d.\u00a0Co-director: Dr. Gustavo Arechavaleta. 2016. Dalila S\u00e1nchez-Escobedo. Thesis title:\u00a0\u201c3D face shape prediction using cylindrical coordinates, contours and latent variable-based [&hellip;]\" \/>\n<meta property=\"og:url\" content=\"https:\/\/ryma.cinvestav.mx\/mcastelan\/tesisyestudiantes\/\" \/>\n<meta property=\"og:site_name\" content=\"Prof. Dr. Mario Castelan\" \/>\n<meta property=\"article:modified_time\" content=\"2018-01-28T00:43:56+00:00\" \/>\n<meta name=\"twitter:card\" content=\"summary_large_image\" \/>\n<meta name=\"twitter:label1\" content=\"Tiempo de lectura\" \/>\n\t<meta name=\"twitter:data1\" content=\"4 minutos\" \/>\n<script type=\"application\/ld+json\" class=\"yoast-schema-graph\">{\"@context\":\"https:\\\/\\\/schema.org\",\"@graph\":[{\"@type\":\"WebPage\",\"@id\":\"https:\\\/\\\/ryma.cinvestav.mx\\\/mcastelan\\\/tesisyestudiantes\\\/\",\"url\":\"https:\\\/\\\/ryma.cinvestav.mx\\\/mcastelan\\\/tesisyestudiantes\\\/\",\"name\":\"Students - Prof. Dr. Mario Castelan\",\"isPartOf\":{\"@id\":\"https:\\\/\\\/ryma.cinvestav.mx\\\/mcastelan\\\/#website\"},\"datePublished\":\"2017-09-10T05:47:08+00:00\",\"dateModified\":\"2018-01-28T00:43:56+00:00\",\"breadcrumb\":{\"@id\":\"https:\\\/\\\/ryma.cinvestav.mx\\\/mcastelan\\\/tesisyestudiantes\\\/#breadcrumb\"},\"inLanguage\":\"es\",\"potentialAction\":[{\"@type\":\"ReadAction\",\"target\":[\"https:\\\/\\\/ryma.cinvestav.mx\\\/mcastelan\\\/tesisyestudiantes\\\/\"]}]},{\"@type\":\"BreadcrumbList\",\"@id\":\"https:\\\/\\\/ryma.cinvestav.mx\\\/mcastelan\\\/tesisyestudiantes\\\/#breadcrumb\",\"itemListElement\":[{\"@type\":\"ListItem\",\"position\":1,\"name\":\"Portada\",\"item\":\"https:\\\/\\\/ryma.cinvestav.mx\\\/mcastelan\\\/\"},{\"@type\":\"ListItem\",\"position\":2,\"name\":\"Students\"}]},{\"@type\":\"WebSite\",\"@id\":\"https:\\\/\\\/ryma.cinvestav.mx\\\/mcastelan\\\/#website\",\"url\":\"https:\\\/\\\/ryma.cinvestav.mx\\\/mcastelan\\\/\",\"name\":\"Prof. Dr. Mario Castelan\",\"description\":\"Miembro de Rob\u00f3tica y Manufactura Avanzada - Cinvestav\",\"potentialAction\":[{\"@type\":\"SearchAction\",\"target\":{\"@type\":\"EntryPoint\",\"urlTemplate\":\"https:\\\/\\\/ryma.cinvestav.mx\\\/mcastelan\\\/?s={search_term_string}\"},\"query-input\":{\"@type\":\"PropertyValueSpecification\",\"valueRequired\":true,\"valueName\":\"search_term_string\"}}],\"inLanguage\":\"es\"}]}<\/script>\n<!-- \/ Yoast SEO plugin. -->","yoast_head_json":{"title":"Students - Prof. Dr. Mario Castelan","robots":{"index":"index","follow":"follow","max-snippet":"max-snippet:-1","max-image-preview":"max-image-preview:large","max-video-preview":"max-video-preview:-1"},"canonical":"https:\/\/ryma.cinvestav.mx\/mcastelan\/tesisyestudiantes\/","og_locale":"es_ES","og_type":"article","og_title":"Students - Prof. Dr. Mario Castelan","og_description":"Current Mar\u00eda Rico-Fern\u00e1ndez. Thesis title:\u00a0\u201cVisual based adaptive methods for monitoring crops in agriculture\u00a0\u201c.\u00a0Co-director: Dr. Reyes R\u00edos-Cabrera. Graduated Pablo A. Mart\u00ednez-Gonz\u00e1lez. Thesis title: \u201cActive localization\u00a0of a humanoid robot for locomotion and reconstruction tasks\u201d.\u00a0Co-director: Dr. Gustavo Arechavaleta. 2016. Dalila S\u00e1nchez-Escobedo. Thesis title:\u00a0\u201c3D face shape prediction using cylindrical coordinates, contours and latent variable-based [&hellip;]","og_url":"https:\/\/ryma.cinvestav.mx\/mcastelan\/tesisyestudiantes\/","og_site_name":"Prof. Dr. Mario Castelan","article_modified_time":"2018-01-28T00:43:56+00:00","twitter_card":"summary_large_image","twitter_misc":{"Tiempo de lectura":"4 minutos"},"schema":{"@context":"https:\/\/schema.org","@graph":[{"@type":"WebPage","@id":"https:\/\/ryma.cinvestav.mx\/mcastelan\/tesisyestudiantes\/","url":"https:\/\/ryma.cinvestav.mx\/mcastelan\/tesisyestudiantes\/","name":"Students - Prof. Dr. Mario Castelan","isPartOf":{"@id":"https:\/\/ryma.cinvestav.mx\/mcastelan\/#website"},"datePublished":"2017-09-10T05:47:08+00:00","dateModified":"2018-01-28T00:43:56+00:00","breadcrumb":{"@id":"https:\/\/ryma.cinvestav.mx\/mcastelan\/tesisyestudiantes\/#breadcrumb"},"inLanguage":"es","potentialAction":[{"@type":"ReadAction","target":["https:\/\/ryma.cinvestav.mx\/mcastelan\/tesisyestudiantes\/"]}]},{"@type":"BreadcrumbList","@id":"https:\/\/ryma.cinvestav.mx\/mcastelan\/tesisyestudiantes\/#breadcrumb","itemListElement":[{"@type":"ListItem","position":1,"name":"Portada","item":"https:\/\/ryma.cinvestav.mx\/mcastelan\/"},{"@type":"ListItem","position":2,"name":"Students"}]},{"@type":"WebSite","@id":"https:\/\/ryma.cinvestav.mx\/mcastelan\/#website","url":"https:\/\/ryma.cinvestav.mx\/mcastelan\/","name":"Prof. Dr. Mario Castelan","description":"Miembro de Rob\u00f3tica y Manufactura Avanzada - Cinvestav","potentialAction":[{"@type":"SearchAction","target":{"@type":"EntryPoint","urlTemplate":"https:\/\/ryma.cinvestav.mx\/mcastelan\/?s={search_term_string}"},"query-input":{"@type":"PropertyValueSpecification","valueRequired":true,"valueName":"search_term_string"}}],"inLanguage":"es"}]}},"_links":{"self":[{"href":"https:\/\/ryma.cinvestav.mx\/mcastelan\/wp-json\/wp\/v2\/pages\/78","targetHints":{"allow":["GET"]}}],"collection":[{"href":"https:\/\/ryma.cinvestav.mx\/mcastelan\/wp-json\/wp\/v2\/pages"}],"about":[{"href":"https:\/\/ryma.cinvestav.mx\/mcastelan\/wp-json\/wp\/v2\/types\/page"}],"author":[{"embeddable":true,"href":"https:\/\/ryma.cinvestav.mx\/mcastelan\/wp-json\/wp\/v2\/users\/12"}],"replies":[{"embeddable":true,"href":"https:\/\/ryma.cinvestav.mx\/mcastelan\/wp-json\/wp\/v2\/comments?post=78"}],"version-history":[{"count":17,"href":"https:\/\/ryma.cinvestav.mx\/mcastelan\/wp-json\/wp\/v2\/pages\/78\/revisions"}],"predecessor-version":[{"id":522,"href":"https:\/\/ryma.cinvestav.mx\/mcastelan\/wp-json\/wp\/v2\/pages\/78\/revisions\/522"}],"wp:attachment":[{"href":"https:\/\/ryma.cinvestav.mx\/mcastelan\/wp-json\/wp\/v2\/media?parent=78"}],"curies":[{"name":"wp","href":"https:\/\/api.w.org\/{rel}","templated":true}]}}