{"id":78,"date":"2017-09-10T05:47:08","date_gmt":"2017-09-10T05:47:08","guid":{"rendered":"https:\/\/ryma.cinvestav.mx\/ravg\/?page_id=78"},"modified":"2018-09-17T22:27:07","modified_gmt":"2018-09-17T22:27:07","slug":"members","status":"publish","type":"page","link":"https:\/\/ryma.cinvestav.mx\/ravg\/members\/","title":{"rendered":"Members"},"content":{"rendered":"<p>[et_pb_section bb_built=&#8221;1&#8243; fullwidth=&#8221;on&#8221; specialty=&#8221;off&#8221; background_image=&#8221;https:\/\/ryma.cinvestav.mx\/ravg\/wp-content\/uploads\/sites\/19\/2017\/09\/IMAGEN-CAMPA\u00d1A1.jpg&#8221; _builder_version=&#8221;3.0.86&#8243; background_color_gradient_start=&#8221;rgba(0,0,0,0.56)&#8221; background_color_gradient_end=&#8221;#ffffff&#8221; background_color_gradient_direction=&#8221;122deg&#8221; background_color_gradient_direction_radial=&#8221;left&#8221; background_color_gradient_start_position=&#8221;9%&#8221; locked=&#8221;off&#8221; box_shadow_color=&#8221;rgba(0,0,0,0.7)&#8221; global_module=&#8221;411&#8243;][et_pb_fullwidth_header admin_label=&#8221;TEAM_UpperTitle&#8221; global_parent=&#8221;411&#8243; title=&#8221;RAVG: Robotics Active Vision Group&#8221; background_layout=&#8221;dark&#8221; text_orientation=&#8221;left&#8221; header_fullscreen=&#8221;off&#8221; header_scroll_down=&#8221;off&#8221; content_orientation=&#8221;center&#8221; image_orientation=&#8221;center&#8221; title_font=&#8221;|on|||&#8221; subhead_font=&#8221;|on|||&#8221; custom_button_one=&#8221;off&#8221; button_one_icon_placement=&#8221;right&#8221; custom_button_two=&#8221;off&#8221; button_two_icon_placement=&#8221;right&#8221; subhead_font_size=&#8221;20px&#8221; _builder_version=&#8221;3.0.86&#8243; background_overlay_color=&#8221;rgba(0,0,0,0.3)&#8221; parent_locked=&#8221;off&#8221; text_shadow_style=&#8221;preset3&#8243; text_shadow_blur_strength=&#8221;1em&#8221; text_shadow_color=&#8221;rgba(0,0,0,0.8)&#8221; subhead=&#8221;Team&#8221; \/][et_pb_fullwidth_menu global_parent=&#8221;411&#8243; _builder_version=&#8221;3.0.86&#8243; menu_id=&#8221;11&#8243; submenu_direction=&#8221;downwards&#8221; fullwidth_menu=&#8221;off&#8221; background_layout=&#8221;light&#8221; background_color=&#8221;#d3d3d3&#8243; menu_font=&#8221;|700|||||||&#8221; active_link_color=&#8221;#8300e9&#8243; \/][\/et_pb_section][et_pb_section bb_built=&#8221;1&#8243; _builder_version=&#8221;3.0.72&#8243; custom_css_main_element=&#8221;box-shadow: inset 0px 3px 2px rgba(50, 50, 50, 0.75);&#8221;][et_pb_row][et_pb_column type=&#8221;4_4&#8243;][et_pb_text admin_label=&#8221;Text: FACULTY MEMBERS&#8221; _builder_version=&#8221;3.0.86&#8243; background_layout=&#8221;light&#8221; module_alignment=&#8221;left&#8221;]<\/p>\n<hr \/>\n<div class='et-box et-shadow'>\n\t\t\t\t\t<div class='et-box-content'><h2 style=\"text-align: center\"><strong>Faculty Members<\/strong><\/h2><\/div><\/div> [\/et_pb_text][\/et_pb_column][\/et_pb_row][et_pb_row _builder_version=&#8221;3.0.47&#8243; background_size=&#8221;initial&#8221; background_position=&#8221;top_left&#8221; background_repeat=&#8221;repeat&#8221;][et_pb_column type=&#8221;1_4&#8243;][et_pb_team_member _builder_version=&#8221;3.0.86&#8243; name=&#8221;Dra. Luz Abril Torres M\u00e9ndez&#8221; position=&#8221;Professor&#8221; background_layout=&#8221;light&#8221; image_url=&#8221;https:\/\/ryma.cinvestav.mx\/ravg\/wp-content\/uploads\/sites\/19\/2017\/09\/abril.jpg&#8221; box_shadow_style_image=&#8221;preset1&#8243; box_shadow_color_image=&#8221;rgba(0,0,0,0.7)&#8221;]<\/p>\n<p style=\"text-align: center\"><a href='https:\/\/ryma.cinvestav.mx\/atorres\/' class='small-button smallblue'>My site<\/a> [\/et_pb_team_member][\/et_pb_column][et_pb_column type=&#8221;1_4&#8243;][et_pb_team_member _builder_version=&#8221;3.0.86&#8243; name=&#8221;Dr. Mario Castel\u00e1n&#8221; position=&#8221;Professor&#8221; background_layout=&#8221;light&#8221; image_url=&#8221;https:\/\/ryma.cinvestav.mx\/ravg\/wp-content\/uploads\/sites\/19\/2017\/09\/IMG_2236.jpg&#8221; box_shadow_style_image=&#8221;preset1&#8243; box_shadow_color_image=&#8221;rgba(0,0,0,0.7)&#8221;]<\/p>\n<p style=\"text-align: center\"><a href='https:\/\/ryma.cinvestav.mx\/mcastelan\/' class='small-button smallblue'>My site<\/a> [\/et_pb_team_member][\/et_pb_column][et_pb_column type=&#8221;1_4&#8243;][et_pb_team_member _builder_version=&#8221;3.0.86&#8243; name=&#8221;Dr. Gustavo Arechavaleta&#8221; position=&#8221;Professor&#8221; background_layout=&#8221;light&#8221; image_url=&#8221;https:\/\/ryma.cinvestav.mx\/ravg\/wp-content\/uploads\/sites\/19\/2017\/09\/gustavoOk-1.jpg&#8221; box_shadow_style_image=&#8221;preset1&#8243; box_shadow_color_image=&#8221;rgba(0,0,0,0.7)&#8221;]<\/p>\n<p style=\"text-align: center\"><a href='https:\/\/ryma.cinvestav.mx\/garechav\/' class='small-button smallblue'>My site<\/a> [\/et_pb_team_member][\/et_pb_column][et_pb_column type=&#8221;1_4&#8243;][et_pb_team_member _builder_version=&#8221;3.0.86&#8243; name=&#8221;Dr. Reyes R\u00edos-Cabrera&#8221; position=&#8221;Professor&#8221; background_layout=&#8221;light&#8221; image_url=&#8221;https:\/\/ryma.cinvestav.mx\/ravg\/wp-content\/uploads\/sites\/19\/2017\/09\/reyesOk.jpg&#8221; box_shadow_style_image=&#8221;preset1&#8243; box_shadow_color_image=&#8221;rgba(0,0,0,0.7)&#8221;]<\/p>\n<p style=\"text-align: center\"><a href='https:\/\/ryma.cinvestav.mx\/rrios\/' class='small-button smallblue'>My site<\/a> [\/et_pb_team_member][\/et_pb_column][\/et_pb_row][et_pb_row][et_pb_column type=&#8221;4_4&#8243;][et_pb_text admin_label=&#8221;Text: PHD STUDENTS&#8221; _builder_version=&#8221;3.0.86&#8243; background_layout=&#8221;light&#8221; module_alignment=&#8221;left&#8221;]<\/p>\n<hr \/>\n<p style=\"text-align: center\"><div class='et-box et-shadow'>\n\t\t\t\t\t<div class='et-box-content'><h2 style=\"text-align: center\"><strong>PhD Students<\/strong><\/h2>\n<p style=\"text-align: center\"><\/div><\/div> [\/et_pb_text][\/et_pb_column][\/et_pb_row][et_pb_row _builder_version=&#8221;3.0.100&#8243; background_size=&#8221;initial&#8221; background_position=&#8221;top_left&#8221; background_repeat=&#8221;repeat&#8221;][et_pb_column type=&#8221;1_4&#8243;][et_pb_team_member _builder_version=&#8221;3.0.86&#8243; name=&#8221;MSc. Maria de la Paz Rico Fern\u00e1ndez&#8221; position=&#8221;Phd Student&#8221; background_layout=&#8221;light&#8221; image_url=&#8221;https:\/\/ryma.cinvestav.mx\/ravg\/wp-content\/uploads\/sites\/19\/2017\/11\/mary.jpg&#8221; box_shadow_style_image=&#8221;preset1&#8243; box_shadow_color_image=&#8221;rgba(0,0,0,0.7)&#8221;]<\/p>\n<p style=\"text-align: center\"><a href='https:\/\/ryma.cinvestav.mx\/ravg\/mrico\/' class='small-button smallblue'>My site<\/a> [\/et_pb_team_member][et_pb_team_member _builder_version=&#8221;3.0.100&#8243; name=&#8221;MSc. Alvaro Paz&#8221; position=&#8221;PhD Student&#8221; background_layout=&#8221;light&#8221; image_url=&#8221;https:\/\/ryma.cinvestav.mx\/ravg\/wp-content\/uploads\/sites\/19\/2018\/09\/DSC_0354.jpg&#8221; box_shadow_style_image=&#8221;preset1&#8243; box_shadow_color_image=&#8221;rgba(0,0,0,0.7)&#8221;]<\/p>\n<div class='et-learn-more clearfix'>\n\t\t\t\t\t<h3 class='heading-more'>About<span class='et_learnmore_arrow'><span><\/span><\/span><\/h3>\n\t\t\t\t\t<div class='learn-more-content'>Alvaro Paz obtained his bachelor&#8217;s degree in Electronics Engineering in 2013 from Instituto Tecnol\u00f3gico de San Juan del R\u00edo, Quer\u00e9taro, Mexico. He received the M.Sc. degree in Robotics and Advanced Manufacturing from the Centro de Investigaci\u00f3n y de Estudios Avanzados del IPN (CINVESTAV), Saltillo, Mexico in 2017. He is currently a PhD student in the aforementioned robotics group. His research interests include stochastic optimal control, probabilistic robotics and humanoid whole body motion generation.<\/div>\n\t\t\t\t<\/div>\n<p style=\"text-align: center\">\n<p style=\"text-align: center\">[\/et_pb_team_member][\/et_pb_column][et_pb_column type=&#8221;1_4&#8243;][et_pb_team_member _builder_version=&#8221;3.0.86&#8243; name=&#8221;MSc. Flabio D. Mirelez Delgado&#8221; position=&#8221;PhD Student&#8221; background_layout=&#8221;light&#8221; image_url=&#8221;https:\/\/ryma.cinvestav.mx\/ravg\/wp-content\/uploads\/sites\/19\/2017\/09\/flabio.jpg&#8221; box_shadow_style_image=&#8221;preset1&#8243; box_shadow_color_image=&#8221;rgba(0,0,0,0.7)&#8221;]<\/p>\n<p style=\"text-align: center\"><a href='https:\/\/ryma.cinvestav.mx\/ravg\/fmirelez\/' class='small-button smallblue'>My site<\/a><\/p>\n<p style=\"text-align: center\">[\/et_pb_team_member][\/et_pb_column][et_pb_column type=&#8221;1_4&#8243;][et_pb_team_member _builder_version=&#8221;3.0.86&#8243; name=&#8221;MSc. Alejandro Maldonado-Ram\u00edrez&#8221; position=&#8221;PhD Student&#8221; background_layout=&#8221;light&#8221; image_url=&#8221;https:\/\/ryma.cinvestav.mx\/ravg\/wp-content\/uploads\/sites\/19\/2017\/11\/amaldonado.jpg&#8221; box_shadow_style_image=&#8221;preset1&#8243; box_shadow_color_image=&#8221;rgba(0,0,0,0.7)&#8221;]<\/p>\n<p style=\"text-align: center\"><a href='https:\/\/ryma.cinvestav.mx\/ravg\/amaldonado\/' class='small-button smallblue'>My site<\/a><\/p>\n<p style=\"text-align: center\">[\/et_pb_team_member][\/et_pb_column][et_pb_column type=&#8221;1_4&#8243;][et_pb_team_member _builder_version=&#8221;3.0.86&#8243; name=&#8221;MSc. Noel Cort\u00e9s-P\u00e9rez&#8221; position=&#8221;PhD Student&#8221; background_layout=&#8221;light&#8221; image_url=&#8221;https:\/\/ryma.cinvestav.mx\/ravg\/wp-content\/uploads\/sites\/19\/2017\/11\/noel.profile.jpg&#8221; box_shadow_style_image=&#8221;preset1&#8243; box_shadow_color_image=&#8221;rgba(0,0,0,0.7)&#8221;]<\/p>\n<p style=\"text-align: center\"><a href='https:\/\/ryma.cinvestav.mx\/ravg\/ncortes\/' class='small-button smallblue'>My site<\/a><\/p>\n<p style=\"text-align: center\">[\/et_pb_team_member][\/et_pb_column][\/et_pb_row][et_pb_row][et_pb_column type=&#8221;4_4&#8243;][et_pb_text admin_label=&#8221;Text: OTHER MEMBERS&#8221; _builder_version=&#8221;3.0.86&#8243; background_layout=&#8221;light&#8221; module_alignment=&#8221;left&#8221;]<\/p>\n<hr \/>\n<p style=\"text-align: center\"><div class='et-box et-shadow'>\n\t\t\t\t\t<div class='et-box-content'><h2 style=\"text-align: center\"><strong>MSc Members<\/strong><\/h2>\n<p style=\"text-align: center\"><\/div><\/div><\/p>\n<p style=\"text-align: center\">[\/et_pb_text][\/et_pb_column][\/et_pb_row][et_pb_row _builder_version=&#8221;3.0.47&#8243; background_size=&#8221;initial&#8221; background_position=&#8221;top_left&#8221; background_repeat=&#8221;repeat&#8221;][et_pb_column type=&#8221;1_4&#8243;][et_pb_team_member _builder_version=&#8221;3.0.86&#8243; name=&#8221;Name Lastname1 Lastname2&#8243; position=&#8221;Phd Student\/ MSc Student\/ Visiting Student \/ other&#8221; background_layout=&#8221;light&#8221; image_url=&#8221;https:\/\/ryma.cinvestav.mx\/ravg\/wp-content\/uploads\/sites\/19\/2017\/11\/reyesOk.jpg&#8221; box_shadow_style_image=&#8221;preset1&#8243; box_shadow_color_image=&#8221;rgba(0,0,0,0.7)&#8221;]<\/p>\n<p style=\"text-align: center\"><a href='https:\/\/ryma.cinvestav.mx\/ravg\/mypage' class='small-button smallblue'>My site<\/a><\/p>\n<p style=\"text-align: center\">[\/et_pb_team_member][\/et_pb_column][et_pb_column type=&#8221;1_4&#8243;][et_pb_team_member _builder_version=&#8221;3.0.86&#8243; name=&#8221;Name Lastname1 Lastname2&#8243; position=&#8221;Phd Student\/ MSc Student\/ Visiting Student \/ other&#8221; background_layout=&#8221;light&#8221; image_url=&#8221;https:\/\/ryma.cinvestav.mx\/ravg\/wp-content\/uploads\/sites\/19\/2017\/11\/reyesOk.jpg&#8221; box_shadow_style_image=&#8221;preset1&#8243; box_shadow_color_image=&#8221;rgba(0,0,0,0.7)&#8221;]<\/p>\n<p style=\"text-align: center\"><a href='https:\/\/ryma.cinvestav.mx\/ravg\/mypage' class='small-button smallblue'>My site<\/a><\/p>\n<p style=\"text-align: center\">[\/et_pb_team_member][\/et_pb_column][et_pb_column type=&#8221;1_4&#8243;][et_pb_team_member _builder_version=&#8221;3.0.86&#8243; name=&#8221;Name Lastname1 Lastname2&#8243; position=&#8221;Phd Student\/ MSc Student\/ Visiting Student \/ other&#8221; background_layout=&#8221;light&#8221; image_url=&#8221;https:\/\/ryma.cinvestav.mx\/ravg\/wp-content\/uploads\/sites\/19\/2017\/11\/reyesOk.jpg&#8221; box_shadow_style_image=&#8221;preset1&#8243; box_shadow_color_image=&#8221;rgba(0,0,0,0.7)&#8221;]<\/p>\n<p style=\"text-align: center\"><a href='https:\/\/ryma.cinvestav.mx\/ravg\/mypage' class='small-button smallblue'>My site<\/a><\/p>\n<p style=\"text-align: center\">[\/et_pb_team_member][\/et_pb_column][et_pb_column type=&#8221;1_4&#8243;][et_pb_team_member _builder_version=&#8221;3.0.86&#8243; name=&#8221;Name Lastname1 Lastname2&#8243; position=&#8221;Phd Student\/ MSc Student\/ Visiting Student \/ other&#8221; background_layout=&#8221;light&#8221; image_url=&#8221;https:\/\/ryma.cinvestav.mx\/ravg\/wp-content\/uploads\/sites\/19\/2017\/11\/reyesOk.jpg&#8221; box_shadow_style_image=&#8221;preset1&#8243; box_shadow_color_image=&#8221;rgba(0,0,0,0.7)&#8221;]<\/p>\n<p style=\"text-align: center\"><a href='https:\/\/ryma.cinvestav.mx\/ravg\/mypage' class='small-button smallblue'>My site<\/a><\/p>\n<p style=\"text-align: center\">[\/et_pb_team_member][\/et_pb_column][\/et_pb_row][et_pb_row][et_pb_column type=&#8221;4_4&#8243;][et_pb_text admin_label=&#8221;Text: OTHER MEMBERS&#8221; _builder_version=&#8221;3.0.86&#8243; background_layout=&#8221;light&#8221; module_alignment=&#8221;left&#8221;]<\/p>\n<hr \/>\n<p style=\"text-align: center\"><div class='et-box et-shadow'>\n\t\t\t\t\t<div class='et-box-content'><h2 style=\"text-align: center\"><strong>Other Members<\/strong><\/h2>\n<p style=\"text-align: center\"><\/div><\/div><\/p>\n<p style=\"text-align: center\">[\/et_pb_text][\/et_pb_column][\/et_pb_row][et_pb_row _builder_version=&#8221;3.0.47&#8243; background_size=&#8221;initial&#8221; background_position=&#8221;top_left&#8221; background_repeat=&#8221;repeat&#8221;][et_pb_column type=&#8221;1_4&#8243;][et_pb_team_member _builder_version=&#8221;3.0.86&#8243; name=&#8221;Name Lastname1 Lastname2&#8243; position=&#8221;Phd Student\/ MSc Student\/ Visiting Student \/ other&#8221; background_layout=&#8221;light&#8221; image_url=&#8221;https:\/\/ryma.cinvestav.mx\/ravg\/wp-content\/uploads\/sites\/19\/2017\/11\/reyesOk.jpg&#8221; box_shadow_style_image=&#8221;preset1&#8243; box_shadow_color_image=&#8221;rgba(0,0,0,0.7)&#8221;]<\/p>\n<p style=\"text-align: center\"><a href='https:\/\/ryma.cinvestav.mx\/ravg\/mypage' class='small-button smallblue'>My site<\/a><\/p>\n<p style=\"text-align: center\">[\/et_pb_team_member][\/et_pb_column][et_pb_column type=&#8221;1_4&#8243;][et_pb_team_member _builder_version=&#8221;3.0.86&#8243; name=&#8221;Name Lastname1 Lastname2&#8243; position=&#8221;Phd Student\/ MSc Student\/ Visiting Student \/ other&#8221; background_layout=&#8221;light&#8221; image_url=&#8221;https:\/\/ryma.cinvestav.mx\/ravg\/wp-content\/uploads\/sites\/19\/2017\/11\/reyesOk.jpg&#8221; box_shadow_style_image=&#8221;preset1&#8243; box_shadow_color_image=&#8221;rgba(0,0,0,0.7)&#8221;]<\/p>\n<p style=\"text-align: center\"><a href='https:\/\/ryma.cinvestav.mx\/ravg\/mypage' class='small-button smallblue'>My site<\/a><\/p>\n<p style=\"text-align: center\">[\/et_pb_team_member][\/et_pb_column][et_pb_column type=&#8221;1_4&#8243;][et_pb_team_member _builder_version=&#8221;3.0.86&#8243; name=&#8221;Name Lastname1 Lastname2&#8243; position=&#8221;Phd Student\/ MSc Student\/ Visiting Student \/ other&#8221; background_layout=&#8221;light&#8221; image_url=&#8221;https:\/\/ryma.cinvestav.mx\/ravg\/wp-content\/uploads\/sites\/19\/2017\/11\/reyesOk.jpg&#8221; box_shadow_style_image=&#8221;preset1&#8243; box_shadow_color_image=&#8221;rgba(0,0,0,0.7)&#8221;]<\/p>\n<p style=\"text-align: center\"><a href='https:\/\/ryma.cinvestav.mx\/ravg\/mypage' class='small-button smallblue'>My site<\/a><\/p>\n<p style=\"text-align: center\">[\/et_pb_team_member][\/et_pb_column][et_pb_column type=&#8221;1_4&#8243;][et_pb_team_member _builder_version=&#8221;3.0.86&#8243; name=&#8221;Name Lastname1 Lastname2&#8243; position=&#8221;Phd Student\/ MSc Student\/ Visiting Student \/ other&#8221; background_layout=&#8221;light&#8221; image_url=&#8221;https:\/\/ryma.cinvestav.mx\/ravg\/wp-content\/uploads\/sites\/19\/2017\/11\/reyesOk.jpg&#8221; box_shadow_style_image=&#8221;preset1&#8243; box_shadow_color_image=&#8221;rgba(0,0,0,0.7)&#8221;]<\/p>\n<p style=\"text-align: center\"><a href='https:\/\/ryma.cinvestav.mx\/ravg\/mypage' class='small-button smallblue'>My site<\/a><\/p>\n<p style=\"text-align: center\">[\/et_pb_team_member][\/et_pb_column][\/et_pb_row][\/et_pb_section][et_pb_section bb_built=&#8221;1&#8243; fullwidth=&#8221;off&#8221; specialty=&#8221;off&#8221; background_color=&#8221;rgba(0,0,0,0.32)&#8221; inner_shadow=&#8221;on&#8221; custom_css_main_element=&#8221;box-shadow: inset 0px 3px 2px rgba(150, 150, 150, 0.85);&#8221; _builder_version=&#8221;3.0.72&#8243; locked=&#8221;off&#8221; global_module=&#8221;321&#8243;][et_pb_row global_parent=&#8221;321&#8243; make_fullwidth=&#8221;off&#8221; use_custom_width=&#8221;off&#8221; width_unit=&#8221;on&#8221; use_custom_gutter=&#8221;off&#8221; allow_player_pause=&#8221;off&#8221; parallax=&#8221;off&#8221; parallax_method=&#8221;on&#8221; make_equal=&#8221;off&#8221; parallax_1=&#8221;off&#8221; parallax_method_1=&#8221;off&#8221; custom_margin=&#8221;-40px|||&#8221; background_position=&#8221;top_left&#8221; background_repeat=&#8221;repeat&#8221; background_size=&#8221;initial&#8221; parent_locked=&#8221;off&#8221;][et_pb_column type=&#8221;4_4&#8243;][et_pb_image admin_label=&#8221;LogoCINVESTAV del Pie de p\u00e1gina&#8221; global_parent=&#8221;321&#8243; src=&#8221;https:\/\/ryma.cinvestav.mx\/wp-content\/uploads\/2014\/08\/roboticaCinvestavOK_transparencia_white.png&#8221; alt=&#8221;Rob\u00f3tica y Manufactura Avanzada, Cinvestav&#8221; show_in_lightbox=&#8221;off&#8221; url_new_window=&#8221;off&#8221; use_overlay=&#8221;off&#8221; animation=&#8221;off&#8221; sticky=&#8221;on&#8221; align=&#8221;center&#8221; max_width=&#8221;95px&#8221; max_width_last_edited=&#8221;on|desktop&#8221; force_fullwidth=&#8221;off&#8221; always_center_on_mobile=&#8221;on&#8221; custom_margin=&#8221;||15px|&#8221; _builder_version=&#8221;3.0.85&#8243; parent_locked=&#8221;off&#8221; url=&#8221;https:\/\/ryma.cinvestav.mx\/&#8221; show_bottom_space=&#8221;on&#8221; \/][et_pb_text global_parent=&#8221;321&#8243; _builder_version=&#8221;3.0.72&#8243; background_layout=&#8221;dark&#8221; text_orientation=&#8221;center&#8221; border_style=&#8221;solid&#8221; custom_margin=&#8221;||-50px|&#8221; parent_locked=&#8221;off&#8221; module_alignment=&#8221;center&#8221;]<\/p>\n<hr \/>\n<p style=\"text-align: center\">Av. Industrial\u00a0Metalurgia\u00a0#1062,\u00a0Parque Ind. Ramos Arizpe,\u00a0Ramos Arizpe, Coah.\u00a0C.P. 25900, M\u00e9xico. \u00a0Tel. +52 (844) 438-9600<\/p>\n<p style=\"text-align: center\">[\/et_pb_text][\/et_pb_column][\/et_pb_row][\/et_pb_section]<\/p>\n","protected":false},"excerpt":{"rendered":"<p><div class=\"et_pb_row et_pb_row_0 et_pb_row_empty\">\n\t\t\t\t\n\t\t\t\t\n\t\t\t\t\n\t\t\t\t\n\t\t\t\t\n\t\t\t<\/div> <div class='et-box et-shadow'>\n\t\t\t\t\t<div class='et-box-content'>Faculty Members<\/div><\/div> <a href='https:\/\/ryma.cinvestav.mx\/atorres\/' class='small-button smallblue'>My site<\/a> <a href='https:\/\/ryma.cinvestav.mx\/mcastelan\/' class='small-button smallblue'>My site<\/a> <a href='https:\/\/ryma.cinvestav.mx\/garechav\/' class='small-button smallblue'>My site<\/a> <a href='https:\/\/ryma.cinvestav.mx\/rrios\/' class='small-button smallblue'>My site<\/a> <div class=\"et_pb_row et_pb_row_1 et_pb_row_empty\">\n\t\t\t\t\n\t\t\t\t\n\t\t\t\t\n\t\t\t\t\n\t\t\t\t\n\t\t\t<\/div> <div class='et-box et-shadow'>\n\t\t\t\t\t<div class='et-box-content'>PhD Students<\/div><\/div> <a href='https:\/\/ryma.cinvestav.mx\/ravg\/mrico\/' class='small-button smallblue'>My site<\/a> <div class='et-learn-more clearfix'>\n\t\t\t\t\t<h3 class='heading-more'>About<span class='et_learnmore_arrow'><span><\/span><\/span><\/h3>\n\t\t\t\t\t<div class='learn-more-content'><\/div>\n\t\t\t\t<\/div> Alvaro Paz obtained his bachelor&#8217;s degree in Electronics Engineering in 2013 from Instituto Tecnol\u00f3gico de San Juan del R\u00edo, Quer\u00e9taro, Mexico. He received [&hellip;]<\/p>\n","protected":false},"author":1,"featured_media":0,"parent":0,"menu_order":2,"comment_status":"closed","ping_status":"closed","template":"","meta":{"_et_pb_use_builder":"on","_et_pb_old_content":"","_et_gb_content_width":"","footnotes":""},"class_list":["post-78","page","type-page","status-publish","hentry"],"yoast_head":"<!-- This site is optimized with the Yoast SEO plugin v27.3 - https:\/\/yoast.com\/product\/yoast-seo-wordpress\/ -->\n<title>Members - Robotics Active Vision Group<\/title>\n<meta name=\"robots\" content=\"index, follow, max-snippet:-1, max-image-preview:large, max-video-preview:-1\" \/>\n<link rel=\"canonical\" href=\"https:\/\/ryma.cinvestav.mx\/ravg\/members\/\" \/>\n<meta property=\"og:locale\" content=\"en_US\" \/>\n<meta property=\"og:type\" content=\"article\" \/>\n<meta property=\"og:title\" content=\"Members - Robotics Active Vision Group\" \/>\n<meta property=\"og:description\" content=\"Alvaro Paz obtained his bachelor&#039;s degree in Electronics Engineering in 2013 from Instituto Tecnol\u00f3gico de San Juan del R\u00edo, Quer\u00e9taro, Mexico. He received [&hellip;]\" \/>\n<meta property=\"og:url\" content=\"https:\/\/ryma.cinvestav.mx\/ravg\/members\/\" \/>\n<meta property=\"og:site_name\" content=\"Robotics Active Vision Group\" \/>\n<meta property=\"article:modified_time\" content=\"2018-09-17T22:27:07+00:00\" \/>\n<meta name=\"twitter:card\" content=\"summary_large_image\" \/>\n<meta name=\"twitter:label1\" content=\"Est. reading time\" \/>\n\t<meta name=\"twitter:data1\" content=\"9 minutes\" \/>\n<script type=\"application\/ld+json\" class=\"yoast-schema-graph\">{\"@context\":\"https:\\\/\\\/schema.org\",\"@graph\":[{\"@type\":\"WebPage\",\"@id\":\"https:\\\/\\\/ryma.cinvestav.mx\\\/ravg\\\/members\\\/\",\"url\":\"https:\\\/\\\/ryma.cinvestav.mx\\\/ravg\\\/members\\\/\",\"name\":\"Members - Robotics Active Vision Group\",\"isPartOf\":{\"@id\":\"https:\\\/\\\/ryma.cinvestav.mx\\\/ravg\\\/#website\"},\"datePublished\":\"2017-09-10T05:47:08+00:00\",\"dateModified\":\"2018-09-17T22:27:07+00:00\",\"breadcrumb\":{\"@id\":\"https:\\\/\\\/ryma.cinvestav.mx\\\/ravg\\\/members\\\/#breadcrumb\"},\"inLanguage\":\"en-US\",\"potentialAction\":[{\"@type\":\"ReadAction\",\"target\":[\"https:\\\/\\\/ryma.cinvestav.mx\\\/ravg\\\/members\\\/\"]}]},{\"@type\":\"BreadcrumbList\",\"@id\":\"https:\\\/\\\/ryma.cinvestav.mx\\\/ravg\\\/members\\\/#breadcrumb\",\"itemListElement\":[{\"@type\":\"ListItem\",\"position\":1,\"name\":\"Home\",\"item\":\"https:\\\/\\\/ryma.cinvestav.mx\\\/ravg\\\/\"},{\"@type\":\"ListItem\",\"position\":2,\"name\":\"Members\"}]},{\"@type\":\"WebSite\",\"@id\":\"https:\\\/\\\/ryma.cinvestav.mx\\\/ravg\\\/#website\",\"url\":\"https:\\\/\\\/ryma.cinvestav.mx\\\/ravg\\\/\",\"name\":\"Robotics Active Vision Group\",\"description\":\"Miembro de Rob\u00f3tica y Manufactura Avanzada - Cinvestav\",\"potentialAction\":[{\"@type\":\"SearchAction\",\"target\":{\"@type\":\"EntryPoint\",\"urlTemplate\":\"https:\\\/\\\/ryma.cinvestav.mx\\\/ravg\\\/?s={search_term_string}\"},\"query-input\":{\"@type\":\"PropertyValueSpecification\",\"valueRequired\":true,\"valueName\":\"search_term_string\"}}],\"inLanguage\":\"en-US\"}]}<\/script>\n<!-- \/ Yoast SEO plugin. -->","yoast_head_json":{"title":"Members - Robotics Active Vision Group","robots":{"index":"index","follow":"follow","max-snippet":"max-snippet:-1","max-image-preview":"max-image-preview:large","max-video-preview":"max-video-preview:-1"},"canonical":"https:\/\/ryma.cinvestav.mx\/ravg\/members\/","og_locale":"en_US","og_type":"article","og_title":"Members - Robotics Active Vision Group","og_description":"Alvaro Paz obtained his bachelor's degree in Electronics Engineering in 2013 from Instituto Tecnol\u00f3gico de San Juan del R\u00edo, Quer\u00e9taro, Mexico. He received [&hellip;]","og_url":"https:\/\/ryma.cinvestav.mx\/ravg\/members\/","og_site_name":"Robotics Active Vision Group","article_modified_time":"2018-09-17T22:27:07+00:00","twitter_card":"summary_large_image","twitter_misc":{"Est. reading time":"9 minutes"},"schema":{"@context":"https:\/\/schema.org","@graph":[{"@type":"WebPage","@id":"https:\/\/ryma.cinvestav.mx\/ravg\/members\/","url":"https:\/\/ryma.cinvestav.mx\/ravg\/members\/","name":"Members - Robotics Active Vision Group","isPartOf":{"@id":"https:\/\/ryma.cinvestav.mx\/ravg\/#website"},"datePublished":"2017-09-10T05:47:08+00:00","dateModified":"2018-09-17T22:27:07+00:00","breadcrumb":{"@id":"https:\/\/ryma.cinvestav.mx\/ravg\/members\/#breadcrumb"},"inLanguage":"en-US","potentialAction":[{"@type":"ReadAction","target":["https:\/\/ryma.cinvestav.mx\/ravg\/members\/"]}]},{"@type":"BreadcrumbList","@id":"https:\/\/ryma.cinvestav.mx\/ravg\/members\/#breadcrumb","itemListElement":[{"@type":"ListItem","position":1,"name":"Home","item":"https:\/\/ryma.cinvestav.mx\/ravg\/"},{"@type":"ListItem","position":2,"name":"Members"}]},{"@type":"WebSite","@id":"https:\/\/ryma.cinvestav.mx\/ravg\/#website","url":"https:\/\/ryma.cinvestav.mx\/ravg\/","name":"Robotics Active Vision Group","description":"Miembro de Rob\u00f3tica y Manufactura Avanzada - Cinvestav","potentialAction":[{"@type":"SearchAction","target":{"@type":"EntryPoint","urlTemplate":"https:\/\/ryma.cinvestav.mx\/ravg\/?s={search_term_string}"},"query-input":{"@type":"PropertyValueSpecification","valueRequired":true,"valueName":"search_term_string"}}],"inLanguage":"en-US"}]}},"_links":{"self":[{"href":"https:\/\/ryma.cinvestav.mx\/ravg\/wp-json\/wp\/v2\/pages\/78","targetHints":{"allow":["GET"]}}],"collection":[{"href":"https:\/\/ryma.cinvestav.mx\/ravg\/wp-json\/wp\/v2\/pages"}],"about":[{"href":"https:\/\/ryma.cinvestav.mx\/ravg\/wp-json\/wp\/v2\/types\/page"}],"author":[{"embeddable":true,"href":"https:\/\/ryma.cinvestav.mx\/ravg\/wp-json\/wp\/v2\/users\/1"}],"replies":[{"embeddable":true,"href":"https:\/\/ryma.cinvestav.mx\/ravg\/wp-json\/wp\/v2\/comments?post=78"}],"version-history":[{"count":59,"href":"https:\/\/ryma.cinvestav.mx\/ravg\/wp-json\/wp\/v2\/pages\/78\/revisions"}],"predecessor-version":[{"id":1006,"href":"https:\/\/ryma.cinvestav.mx\/ravg\/wp-json\/wp\/v2\/pages\/78\/revisions\/1006"}],"wp:attachment":[{"href":"https:\/\/ryma.cinvestav.mx\/ravg\/wp-json\/wp\/v2\/media?parent=78"}],"curies":[{"name":"wp","href":"https:\/\/api.w.org\/{rel}","templated":true}]}}