{"id":836,"date":"2017-11-14T21:27:11","date_gmt":"2017-11-14T21:27:03","guid":{"rendered":"https:\/\/ryma.cinvestav.mx\/ravg\/members\/amaldonado-2\/"},"modified":"2017-11-14T22:14:01","modified_gmt":"2017-11-14T22:14:01","slug":"ncortes","status":"publish","type":"page","link":"https:\/\/ryma.cinvestav.mx\/ravg\/members\/ncortes\/","title":{"rendered":"Noel Cort\u00e9s-P\u00e9rez"},"content":{"rendered":"<p>[et_pb_section bb_built=&#8221;1&#8243; fullwidth=&#8221;on&#8221; specialty=&#8221;off&#8221; background_image=&#8221;https:\/\/ryma.cinvestav.mx\/ravg\/wp-content\/uploads\/sites\/19\/2017\/09\/IMAGEN-CAMPA\u00d1A1.jpg&#8221; _builder_version=&#8221;3.0.86&#8243; background_color_gradient_start=&#8221;rgba(0,0,0,0.56)&#8221; background_color_gradient_end=&#8221;#ffffff&#8221; background_color_gradient_direction=&#8221;122deg&#8221; background_color_gradient_direction_radial=&#8221;left&#8221; background_color_gradient_start_position=&#8221;9%&#8221; locked=&#8221;off&#8221;][et_pb_fullwidth_header admin_label=&#8221;Members_UpperTitle&#8221; title=&#8221;RAVG: Robotics Active Vision Group&#8221; background_layout=&#8221;dark&#8221; text_orientation=&#8221;left&#8221; header_fullscreen=&#8221;off&#8221; header_scroll_down=&#8221;off&#8221; content_orientation=&#8221;center&#8221; image_orientation=&#8221;center&#8221; title_font=&#8221;|on|||&#8221; subhead_font=&#8221;|on|||&#8221; custom_button_one=&#8221;off&#8221; button_one_icon_placement=&#8221;right&#8221; custom_button_two=&#8221;off&#8221; button_two_icon_placement=&#8221;right&#8221; subhead_font_size=&#8221;20px&#8221; _builder_version=&#8221;3.0.86&#8243; background_overlay_color=&#8221;rgba(0,0,0,0.3)&#8221; parent_locked=&#8221;off&#8221; text_shadow_style=&#8221;preset3&#8243; text_shadow_blur_strength=&#8221;1em&#8221; text_shadow_color=&#8221;rgba(0,0,0,0.8)&#8221; subhead=&#8221;Noel Cort\u00e9s P\u00e9rez&#8221; \/][et_pb_fullwidth_menu menu_id=&#8221;11&#8243; background_layout=&#8221;light&#8221; submenu_direction=&#8221;downwards&#8221; fullwidth_menu=&#8221;off&#8221; active_link_color=&#8221;rgba(131,0,233,0.81)&#8221; menu_font=&#8221;|on|||&#8221; _builder_version=&#8221;3.0.86&#8243; background_color_gradient_start=&#8221;#009f93&#8243; background_color_gradient_end=&#8221;rgba(0,0,0,0.27)&#8221; background_color_gradient_start_position=&#8221;20%&#8221; background_color=&#8221;#d3d3d3&#8243; parent_locked=&#8221;off&#8221; box_shadow_color=&#8221;rgba(0,0,0,0.7)&#8221; \/][\/et_pb_section][et_pb_section bb_built=&#8221;1&#8243; _builder_version=&#8221;3.0.86&#8243; custom_css_main_element=&#8221;box-shadow: inset 0px 3px 2px rgba(50, 50, 50, 0.75);&#8221;][et_pb_row _builder_version=&#8221;3.0.86&#8243;][et_pb_column type=&#8221;1_4&#8243;][et_pb_image _builder_version=&#8221;3.0.86&#8243; src=&#8221;https:\/\/ryma.cinvestav.mx\/ravg\/wp-content\/uploads\/sites\/19\/2017\/11\/noel.profile.jpg&#8221; show_in_lightbox=&#8221;off&#8221; url_new_window=&#8221;off&#8221; use_overlay=&#8221;off&#8221; always_center_on_mobile=&#8221;on&#8221; force_fullwidth=&#8221;off&#8221; show_bottom_space=&#8221;on&#8221; \/][\/et_pb_column][et_pb_column type=&#8221;3_4&#8243;][et_pb_text admin_label=&#8221;Noel Cort\u00e9s-P\u00e9rez&#8221; _builder_version=&#8221;3.0.86&#8243; background_layout=&#8221;light&#8221;]<\/p>\n<div>I am a PhD student of the\u00a0<a href=\"http:\/\/www.cinvestav.edu.mx\/saltillo\/gryma\">Robotics and Advanced Manufacturing Group<\/a>\u00a0at the CINVESTAV-Saltillo. Currently, I\u2019m working under supervision of Professor L. Abril Torres-M\u00e9ndez.<\/div>\n<div><\/div>\n<div><strong>About me<\/strong><\/div>\n<div><\/div>\n<div>I was born in \u00c9bano, San Luis Potos\u00ed, Mexico. I finished my undergraduate studies in Electronics Engineering in 2009 at the\u00a0<a href=\"http:\/\/www.itcm.edu.mx\/\">Technological Institute of Ciudad Madero<\/a>\u00a0 (Ciudad Madero, Tamaulipas, Mexico). I obtained the Master\u2019s degree in Robotics and Advanced Manufacturing in 2012 with the thesis \u201c<em>MIMO Dynamic System Modeling Based on Support Vector Regression<\/em>\u201d.<\/div>\n<div><\/div>\n<div>In my PhD thesis project, I\u2019m working in the development of an active vision system based on mirror optics for underwater autonomous vehicles. The main objective is to expand the AUV\u2019s peripheral-vision and to develop strategies for improving\u00a0navigation for the exploration of static objects under water.<\/div>\n<p>[\/et_pb_text][\/et_pb_column][\/et_pb_row][et_pb_row][et_pb_column type=&#8221;4_4&#8243;][\/et_pb_column][\/et_pb_row][\/et_pb_section][et_pb_section bb_built=&#8221;1&#8243; fullwidth=&#8221;off&#8221; specialty=&#8221;off&#8221; background_color=&#8221;rgba(0,0,0,0.32)&#8221; inner_shadow=&#8221;on&#8221; custom_css_main_element=&#8221;box-shadow: inset 0px 3px 2px rgba(150, 150, 150, 0.85);&#8221; _builder_version=&#8221;3.0.72&#8243; locked=&#8221;off&#8221; global_module=&#8221;321&#8243;][et_pb_row global_parent=&#8221;321&#8243; make_fullwidth=&#8221;off&#8221; use_custom_width=&#8221;off&#8221; width_unit=&#8221;on&#8221; use_custom_gutter=&#8221;off&#8221; allow_player_pause=&#8221;off&#8221; parallax=&#8221;off&#8221; parallax_method=&#8221;on&#8221; make_equal=&#8221;off&#8221; parallax_1=&#8221;off&#8221; parallax_method_1=&#8221;off&#8221; custom_margin=&#8221;-40px|||&#8221; background_position=&#8221;top_left&#8221; background_repeat=&#8221;repeat&#8221; background_size=&#8221;initial&#8221; parent_locked=&#8221;off&#8221;][et_pb_column type=&#8221;4_4&#8243;][et_pb_image admin_label=&#8221;LogoCINVESTAV del Pie de p\u00e1gina&#8221; global_parent=&#8221;321&#8243; src=&#8221;https:\/\/ryma.cinvestav.mx\/wp-content\/uploads\/2014\/08\/roboticaCinvestavOK_transparencia_white.png&#8221; alt=&#8221;Rob\u00f3tica y Manufactura Avanzada, Cinvestav&#8221; show_in_lightbox=&#8221;off&#8221; url_new_window=&#8221;off&#8221; use_overlay=&#8221;off&#8221; animation=&#8221;off&#8221; sticky=&#8221;on&#8221; align=&#8221;center&#8221; max_width=&#8221;95px&#8221; max_width_last_edited=&#8221;on|desktop&#8221; force_fullwidth=&#8221;off&#8221; always_center_on_mobile=&#8221;on&#8221; custom_margin=&#8221;||15px|&#8221; _builder_version=&#8221;3.0.85&#8243; parent_locked=&#8221;off&#8221; url=&#8221;https:\/\/ryma.cinvestav.mx\/&#8221; show_bottom_space=&#8221;on&#8221; \/][et_pb_text global_parent=&#8221;321&#8243; _builder_version=&#8221;3.0.72&#8243; background_layout=&#8221;dark&#8221; text_orientation=&#8221;center&#8221; border_style=&#8221;solid&#8221; custom_margin=&#8221;||-50px|&#8221; parent_locked=&#8221;off&#8221;]<\/p>\n<hr \/>\n<p style=\"text-align: center\">Av. Industrial\u00a0Metalurgia\u00a0#1062,\u00a0Parque Ind. Ramos Arizpe,\u00a0Ramos Arizpe, Coah.\u00a0C.P. 25900, M\u00e9xico. \u00a0Tel. +52 (844) 438-9600<\/p>\n<p>[\/et_pb_text][\/et_pb_column][\/et_pb_row][\/et_pb_section]<\/p>\n","protected":false},"excerpt":{"rendered":"<p>I am a PhD student of the\u00a0Robotics and Advanced Manufacturing Group\u00a0at the CINVESTAV-Saltillo. Currently, I\u2019m working under supervision of Professor L. Abril Torres-M\u00e9ndez. About me I was born in \u00c9bano, San Luis Potos\u00ed, Mexico. I finished my undergraduate studies in Electronics Engineering in 2009 at the\u00a0Technological Institute of Ciudad Madero\u00a0 (Ciudad Madero, Tamaulipas, Mexico). I [&hellip;]<\/p>\n","protected":false},"author":26,"featured_media":0,"parent":78,"menu_order":2,"comment_status":"closed","ping_status":"closed","template":"","meta":{"_et_pb_use_builder":"on","_et_pb_old_content":"","_et_gb_content_width":"","footnotes":""},"class_list":["post-836","page","type-page","status-publish","hentry"],"yoast_head":"<!-- This site is optimized with the Yoast SEO plugin v27.3 - https:\/\/yoast.com\/product\/yoast-seo-wordpress\/ -->\n<title>Noel Cort\u00e9s-P\u00e9rez - Robotics Active Vision Group<\/title>\n<meta name=\"description\" content=\"PhD student of the Robotics and Advanced Manufacturing Group at the CINVESTAV-Saltillo.\" \/>\n<meta name=\"robots\" content=\"index, follow, max-snippet:-1, max-image-preview:large, max-video-preview:-1\" \/>\n<link rel=\"canonical\" href=\"https:\/\/ryma.cinvestav.mx\/ravg\/members\/ncortes\/\" \/>\n<meta property=\"og:locale\" content=\"en_US\" \/>\n<meta property=\"og:type\" content=\"article\" \/>\n<meta property=\"og:title\" content=\"Noel Cort\u00e9s-P\u00e9rez - Robotics Active Vision Group\" \/>\n<meta property=\"og:description\" content=\"PhD student of the Robotics and Advanced Manufacturing Group at the CINVESTAV-Saltillo.\" \/>\n<meta property=\"og:url\" content=\"https:\/\/ryma.cinvestav.mx\/ravg\/members\/ncortes\/\" \/>\n<meta property=\"og:site_name\" content=\"Robotics Active Vision Group\" \/>\n<meta property=\"article:modified_time\" content=\"2017-11-14T22:14:01+00:00\" \/>\n<meta name=\"twitter:card\" content=\"summary_large_image\" \/>\n<meta name=\"twitter:label1\" content=\"Est. reading time\" \/>\n\t<meta name=\"twitter:data1\" content=\"3 minutes\" \/>\n<script type=\"application\/ld+json\" class=\"yoast-schema-graph\">{\"@context\":\"https:\\\/\\\/schema.org\",\"@graph\":[{\"@type\":\"WebPage\",\"@id\":\"https:\\\/\\\/ryma.cinvestav.mx\\\/ravg\\\/members\\\/ncortes\\\/\",\"url\":\"https:\\\/\\\/ryma.cinvestav.mx\\\/ravg\\\/members\\\/ncortes\\\/\",\"name\":\"Noel Cort\u00e9s-P\u00e9rez - Robotics Active Vision Group\",\"isPartOf\":{\"@id\":\"https:\\\/\\\/ryma.cinvestav.mx\\\/ravg\\\/#website\"},\"datePublished\":\"2017-11-14T21:27:03+00:00\",\"dateModified\":\"2017-11-14T22:14:01+00:00\",\"description\":\"PhD student of the Robotics and Advanced Manufacturing Group at the CINVESTAV-Saltillo.\",\"breadcrumb\":{\"@id\":\"https:\\\/\\\/ryma.cinvestav.mx\\\/ravg\\\/members\\\/ncortes\\\/#breadcrumb\"},\"inLanguage\":\"en-US\",\"potentialAction\":[{\"@type\":\"ReadAction\",\"target\":[\"https:\\\/\\\/ryma.cinvestav.mx\\\/ravg\\\/members\\\/ncortes\\\/\"]}]},{\"@type\":\"BreadcrumbList\",\"@id\":\"https:\\\/\\\/ryma.cinvestav.mx\\\/ravg\\\/members\\\/ncortes\\\/#breadcrumb\",\"itemListElement\":[{\"@type\":\"ListItem\",\"position\":1,\"name\":\"Home\",\"item\":\"https:\\\/\\\/ryma.cinvestav.mx\\\/ravg\\\/\"},{\"@type\":\"ListItem\",\"position\":2,\"name\":\"Members\",\"item\":\"https:\\\/\\\/ryma.cinvestav.mx\\\/ravg\\\/members\\\/\"},{\"@type\":\"ListItem\",\"position\":3,\"name\":\"Noel Cort\u00e9s-P\u00e9rez\"}]},{\"@type\":\"WebSite\",\"@id\":\"https:\\\/\\\/ryma.cinvestav.mx\\\/ravg\\\/#website\",\"url\":\"https:\\\/\\\/ryma.cinvestav.mx\\\/ravg\\\/\",\"name\":\"Robotics Active Vision Group\",\"description\":\"Miembro de Rob\u00f3tica y Manufactura Avanzada - Cinvestav\",\"potentialAction\":[{\"@type\":\"SearchAction\",\"target\":{\"@type\":\"EntryPoint\",\"urlTemplate\":\"https:\\\/\\\/ryma.cinvestav.mx\\\/ravg\\\/?s={search_term_string}\"},\"query-input\":{\"@type\":\"PropertyValueSpecification\",\"valueRequired\":true,\"valueName\":\"search_term_string\"}}],\"inLanguage\":\"en-US\"}]}<\/script>\n<!-- \/ Yoast SEO plugin. -->","yoast_head_json":{"title":"Noel Cort\u00e9s-P\u00e9rez - Robotics Active Vision Group","description":"PhD student of the Robotics and Advanced Manufacturing Group at the CINVESTAV-Saltillo.","robots":{"index":"index","follow":"follow","max-snippet":"max-snippet:-1","max-image-preview":"max-image-preview:large","max-video-preview":"max-video-preview:-1"},"canonical":"https:\/\/ryma.cinvestav.mx\/ravg\/members\/ncortes\/","og_locale":"en_US","og_type":"article","og_title":"Noel Cort\u00e9s-P\u00e9rez - Robotics Active Vision Group","og_description":"PhD student of the Robotics and Advanced Manufacturing Group at the CINVESTAV-Saltillo.","og_url":"https:\/\/ryma.cinvestav.mx\/ravg\/members\/ncortes\/","og_site_name":"Robotics Active Vision Group","article_modified_time":"2017-11-14T22:14:01+00:00","twitter_card":"summary_large_image","twitter_misc":{"Est. reading time":"3 minutes"},"schema":{"@context":"https:\/\/schema.org","@graph":[{"@type":"WebPage","@id":"https:\/\/ryma.cinvestav.mx\/ravg\/members\/ncortes\/","url":"https:\/\/ryma.cinvestav.mx\/ravg\/members\/ncortes\/","name":"Noel Cort\u00e9s-P\u00e9rez - Robotics Active Vision Group","isPartOf":{"@id":"https:\/\/ryma.cinvestav.mx\/ravg\/#website"},"datePublished":"2017-11-14T21:27:03+00:00","dateModified":"2017-11-14T22:14:01+00:00","description":"PhD student of the Robotics and Advanced Manufacturing Group at the CINVESTAV-Saltillo.","breadcrumb":{"@id":"https:\/\/ryma.cinvestav.mx\/ravg\/members\/ncortes\/#breadcrumb"},"inLanguage":"en-US","potentialAction":[{"@type":"ReadAction","target":["https:\/\/ryma.cinvestav.mx\/ravg\/members\/ncortes\/"]}]},{"@type":"BreadcrumbList","@id":"https:\/\/ryma.cinvestav.mx\/ravg\/members\/ncortes\/#breadcrumb","itemListElement":[{"@type":"ListItem","position":1,"name":"Home","item":"https:\/\/ryma.cinvestav.mx\/ravg\/"},{"@type":"ListItem","position":2,"name":"Members","item":"https:\/\/ryma.cinvestav.mx\/ravg\/members\/"},{"@type":"ListItem","position":3,"name":"Noel Cort\u00e9s-P\u00e9rez"}]},{"@type":"WebSite","@id":"https:\/\/ryma.cinvestav.mx\/ravg\/#website","url":"https:\/\/ryma.cinvestav.mx\/ravg\/","name":"Robotics Active Vision Group","description":"Miembro de Rob\u00f3tica y Manufactura Avanzada - Cinvestav","potentialAction":[{"@type":"SearchAction","target":{"@type":"EntryPoint","urlTemplate":"https:\/\/ryma.cinvestav.mx\/ravg\/?s={search_term_string}"},"query-input":{"@type":"PropertyValueSpecification","valueRequired":true,"valueName":"search_term_string"}}],"inLanguage":"en-US"}]}},"_links":{"self":[{"href":"https:\/\/ryma.cinvestav.mx\/ravg\/wp-json\/wp\/v2\/pages\/836","targetHints":{"allow":["GET"]}}],"collection":[{"href":"https:\/\/ryma.cinvestav.mx\/ravg\/wp-json\/wp\/v2\/pages"}],"about":[{"href":"https:\/\/ryma.cinvestav.mx\/ravg\/wp-json\/wp\/v2\/types\/page"}],"author":[{"embeddable":true,"href":"https:\/\/ryma.cinvestav.mx\/ravg\/wp-json\/wp\/v2\/users\/26"}],"replies":[{"embeddable":true,"href":"https:\/\/ryma.cinvestav.mx\/ravg\/wp-json\/wp\/v2\/comments?post=836"}],"version-history":[{"count":9,"href":"https:\/\/ryma.cinvestav.mx\/ravg\/wp-json\/wp\/v2\/pages\/836\/revisions"}],"predecessor-version":[{"id":860,"href":"https:\/\/ryma.cinvestav.mx\/ravg\/wp-json\/wp\/v2\/pages\/836\/revisions\/860"}],"up":[{"embeddable":true,"href":"https:\/\/ryma.cinvestav.mx\/ravg\/wp-json\/wp\/v2\/pages\/78"}],"wp:attachment":[{"href":"https:\/\/ryma.cinvestav.mx\/ravg\/wp-json\/wp\/v2\/media?parent=836"}],"curies":[{"name":"wp","href":"https:\/\/api.w.org\/{rel}","templated":true}]}}